{"id":5019,"date":"2025-08-19T09:17:23","date_gmt":"2025-08-19T02:17:23","guid":{"rendered":"https:\/\/www.hoasen.edu.vn\/dl\/?page_id=5019"},"modified":"2025-08-19T09:17:23","modified_gmt":"2025-08-19T02:17:23","slug":"tong-quan","status":"publish","type":"page","link":"https:\/\/www.hoasen.edu.vn\/dl\/gioi-thieu\/tong-quan\/","title":{"rendered":"T\u1ed5ng quan"},"content":{"rendered":"\n<div class=\"wp-block-group block-facuty\"><div class=\"wp-block-group__inner-container is-layout-constrained wp-block-group-is-layout-constrained\">\n<h2 class=\"wp-block-heading has-text-align-center fy-title-hide fy-custom-title\"><strong>Ch\u00e0o m\u1eebng b\u1ea1n \u0111\u1ebfn v\u1edbi<\/strong><\/h2>\n\n\n\n<h2 class=\"wp-block-heading has-text-align-center fy-custom-title\"><strong><strong><strong>Khoa Du l\u1ecbch &#8211; Nh\u00e0 h\u00e0ng &#8211; Kh\u00e1ch s\u1ea1n<\/strong><\/strong><\/strong><\/h2>\n<\/div><\/div>\n\n\n\n<div style=\"height:20px\" aria-hidden=\"true\" class=\"wp-block-spacer\"><\/div>\n\n\n\n<div class=\"wp-block-columns block-facuty is-layout-flex wp-container-core-columns-is-layout-9d6595d7 wp-block-columns-is-layout-flex\">\n<div class=\"wp-block-column is-layout-flow wp-block-column-is-layout-flow\" style=\"flex-basis:70px\"><\/div>\n\n\n\n<div class=\"wp-block-column is-layout-flow wp-block-column-is-layout-flow\">\n<figure class=\"wp-block-image size-full\"><img decoding=\"async\" src=\"https:\/\/www.hoasen.edu.vn\/ktqt\/wp-content\/uploads\/sites\/15\/2024\/01\/414866940_697936762441546_4402186442742578415_n-edited.jpg\" alt=\"\" class=\"wp-image-3654\"\/><\/figure>\n\n\n\n<div style=\"height:10px\" aria-hidden=\"true\" class=\"wp-block-spacer\"><\/div>\n\n\n\n<p style=\"font-size:18px\">S\u1ef1 ph\u00e1t tri\u1ec3n m\u1ea1nh m\u1ebd c\u1ee7a n\u1ec1n kinh t\u1ebf to\u00e0n c\u1ea7u c\u00f9ng v\u1edbi nhu c\u1ea7u ch\u0103m s\u00f3c s\u1ee9c kh\u1ecfe tinh th\u1ea7n v\u00e0 kh\u00e1m ph\u00e1 v\u0103n h\u00f3a b\u1ea3n \u0111\u1ecba \u0111\u00e3 g\u00f3p ph\u1ea7n \u0111\u01b0a ng\u00e0nh Du l\u1ecbch \u2013 D\u1ecbch v\u1ee5 tr\u1edf th\u00e0nh m\u1ed9t trong nh\u1eefng l\u0129nh v\u1ef1c tr\u1ecdng y\u1ebfu <strong>ph\u00e1t tri\u1ec3n kinh t\u1ebf b\u1ec1n v\u1eefng c\u1ee7a qu\u1ed1c gia<\/strong>. Song h\u00e0nh v\u1edbi \u0111\u00f3 l\u00e0 y\u00eau c\u1ea7u ng\u00e0y c\u00e0ng cao v\u1ec1 \u0111\u1ed9i ng\u0169 nh\u00e2n l\u1ef1c c\u00f3 <strong>t\u01b0 duy d\u1ecbch v\u1ee5 hi\u1ec7n \u0111\u1ea1i<\/strong>, <strong>gi\u1ecfi ngo\u1ea1i ng\u1eef<\/strong> v\u00e0 kh\u1ea3 n\u0103ng <strong>th\u00edch \u1ee9ng linh ho\u1ea1t <\/strong>trong m\u00f4i tr\u01b0\u1eddng h\u1ed9i nh\u1eadp.<\/p>\n\n\n\n<div style=\"height:10px\" aria-hidden=\"true\" class=\"wp-block-spacer\"><\/div>\n\n\n\n<figure class=\"wp-block-image size-full\"><img decoding=\"async\" src=\"https:\/\/www.hoasen.edu.vn\/ktqt\/wp-content\/uploads\/sites\/15\/2025\/05\/khoa-kinh-te-quan-tri-hsu-hop-tac-chien-luoc-cung-misa-4.jpg\" alt=\"\" class=\"wp-image-6186\"\/><\/figure>\n\n\n\n<div style=\"height:10px\" aria-hidden=\"true\" class=\"wp-block-spacer\"><\/div>\n\n\n\n<p style=\"font-size:18px\">\u0110\u00f3n \u0111\u1ea7u xu th\u1ebf \u1ea5y, Khoa Du l\u1ecbch &#8211; Nh\u00e0 h\u00e0ng &#8211; Kh\u00e1ch s\u1ea1n Tr\u01b0\u1eddng \u0110\u1ea1i h\u1ecdc Hoa Sen \u0111\u00e0o t\u1ea1o 05 ch\u01b0\u01a1ng tr\u00ecnh chu\u1ea9n qu\u1ed1c t\u1ebf, g\u1eafn li\u1ec1n v\u1edbi nhu c\u1ea7u th\u1ef1c ti\u1ec5n c\u1ee7a th\u1ecb tr\u01b0\u1eddng lao \u0111\u1ed9ng. Ch\u00ednh v\u00ec th\u1ebf m\u00e0 nhi\u1ec1u th\u1ebf h\u1ec7 sinh vi\u00ean c\u1ee7a ch\u00fang t\u00f4i \u0111\u00e3 kh\u1eb3ng \u0111\u1ecbnh \u0111\u01b0\u1ee3c n\u0103ng l\u1ef1c t\u1ea1i c\u00e1c <strong>kh\u00e1ch s\u1ea1n<\/strong>, <strong>nh\u00e0 h\u00e0ng<\/strong>, <strong>khu ngh\u1ec9 d\u01b0\u1ee1ng 4 \u2013 5 sao<\/strong>, c\u0169ng nh\u01b0 tr\u00fang tuy\u1ec3n v\u00e0o nh\u1eefng <strong>doanh nghi\u1ec7p t\u1ea1i n\u01b0\u1edbc ngo\u00e0i<\/strong>. C\u00e1c ch\u01b0\u01a1ng tr\u00ecnh \u0111\u00e0o t\u1ea1o, g\u1ed3m:<\/p>\n\n\n\n<ul class=\"wp-block-list\">\n<li>Qu\u1ea3n tr\u1ecb D\u1ecbch v\u1ee5 Du l\u1ecbch v\u00e0 L\u1eef h\u00e0nh<\/li>\n\n\n\n<li>Qu\u1ea3n tr\u1ecb Nh\u00e0 h\u00e0ng v\u00e0 D\u1ecbch v\u1ee5 \u0102n u\u1ed1ng<\/li>\n\n\n\n<li>Qu\u1ea3n tr\u1ecb Kh\u00e1ch s\u1ea1n<\/li>\n\n\n\n<li>Qu\u1ea3n tr\u1ecb Kh\u00e1ch s\u1ea1n (Ch\u01b0\u01a1ng tr\u00ecnh Hoa Sen Elite)<\/li>\n\n\n\n<li>Qu\u1ea3n tr\u1ecb S\u1ef1 ki\u1ec7n<\/li>\n<\/ul>\n\n\n\n<div style=\"height:10px\" aria-hidden=\"true\" class=\"wp-block-spacer\"><\/div>\n\n\n\n<div class=\"wp-block-columns is-layout-flex wp-container-core-columns-is-layout-9d6595d7 wp-block-columns-is-layout-flex\">\n<div class=\"wp-block-column is-layout-flow wp-block-column-is-layout-flow\">\n<figure class=\"wp-block-image size-full\"><img decoding=\"async\" src=\"https:\/\/www.hoasen.edu.vn\/ktqt\/wp-content\/uploads\/sites\/15\/2024\/01\/414859764_697936855774870_9222355173657880971_n-2-edited.jpg\" alt=\"\" class=\"wp-image-3673\"\/><\/figure>\n<\/div>\n\n\n\n<div class=\"wp-block-column is-layout-flow wp-block-column-is-layout-flow\">\n<figure class=\"wp-block-image size-full\"><img decoding=\"async\" src=\"https:\/\/www.hoasen.edu.vn\/ktqt\/wp-content\/uploads\/sites\/15\/2024\/01\/419116365_704919471743275_6476422390010432978_n-1.jpg\" alt=\"\" class=\"wp-image-3671\"\/><\/figure>\n<\/div>\n<\/div>\n\n\n\n<p style=\"font-size:18px\">Khoa Du l\u1ecbch \u2013 Nh\u00e0 h\u00e0ng \u2013 Kh\u00e1ch s\u1ea1n t\u1ef1 h\u00e0o quy t\u1ee5 \u0111\u1ed9i ng\u0169 gi\u1ea3ng vi\u00ean gi\u00e0u kinh nghi\u1ec7m th\u1ef1c ti\u1ec5n, am hi\u1ec3u s\u00e2u s\u1eafc l\u0129nh v\u1ef1c Du l\u1ecbch \u2013 Nh\u00e0 h\u00e0ng \u2013 Kh\u00e1ch s\u1ea1n v\u00e0 kh\u00f4ng ng\u1eebng c\u1eadp nh\u1eadt xu h\u01b0\u1edbng to\u00e0n c\u1ea7u. B\u00ean c\u1ea1nh vi\u1ec7c truy\u1ec1n \u0111\u1ea1t ki\u1ebfn th\u1ee9c, gi\u1ea3ng vi\u00ean c\u00f2n l\u00e0 nh\u1eefng <strong>c\u1ed1 v\u1ea5n ngh\u1ec1 nghi\u1ec7p <\/strong>t\u1eadn t\u00e2m, mang \u0111\u1ebfn cho sinh vi\u00ean nh\u1eefng k\u1ef9 n\u0103ng c\u1ea7n thi\u1ebft t\u1eeb ch\u00ednh <strong>tr\u1ea3i nghi\u1ec7m l\u00e0m vi\u1ec7c t\u1ea1i c\u00e1c doanh nghi\u1ec7p h\u00e0ng \u0111\u1ea7u<\/strong>, gi\u00fap sinh vi\u00ean t\u1ef1 tin kh\u1eb3ng \u0111\u1ecbnh n\u0103ng l\u1ef1c trong m\u00f4i tr\u01b0\u1eddng d\u1ecbch v\u1ee5 qu\u1ed1c t\u1ebf.<\/p>\n\n\n\n<div style=\"height:10px\" aria-hidden=\"true\" class=\"wp-block-spacer\"><\/div>\n\n\n\n<figure class=\"wp-block-image size-full\"><img decoding=\"async\" src=\"https:\/\/www.hoasen.edu.vn\/ktqt\/wp-content\/uploads\/sites\/15\/2024\/01\/291962031_5494363333920148_7271285682709054721_n-edited.jpg\" alt=\"\" class=\"wp-image-3685\"\/><\/figure>\n\n\n\n<div style=\"height:10px\" aria-hidden=\"true\" class=\"wp-block-spacer\"><\/div>\n\n\n\n<p style=\"font-size:18px\">Song song v\u1edbi ho\u1ea1t \u0111\u1ed9ng h\u1ecdc thu\u1eadt, ch\u00fang t\u00f4i th\u01b0\u1eddng xuy\u00ean t\u1ed5 ch\u1ee9c s<strong>\u00e2n ch\u01a1i v\u0103n h\u00f3a \u2013 gi\u1ea3i tr\u00ed<\/strong>, <strong>ho\u1ea1t \u0111\u1ed9ng t\u00ecnh nguy\u1ec7n<\/strong> nh\u1eb1m t\u1ea1o m\u00f4i tr\u01b0\u1eddng \u0111\u1ec3 sinh vi\u00ean tho\u1ea3i m\u00e1i th\u1ec3 hi\u1ec7n n\u0103ng l\u01b0\u1ee3ng tu\u1ed5i tr\u1ebb, \u0111\u1ed3ng th\u1eddi gia t\u0103ng s\u1ef1 g\u1eafn b\u00f3 gi\u1eefa gi\u1ea3ng vi\u00ean, nh\u00e2n vi\u00ean v\u00e0 sinh vi\u00ean. Trong \u0111\u00f3, vi\u1ec7c <strong>t\u1ed5 ch\u1ee9c c\u00e1c \u0111\u1ec1 \u00e1n<\/strong> \u0111\u00e3 tr\u1edf th\u00e0nh \u201csignature\u201d kh\u00f4ng th\u1ec3 thi\u1ebfu khi nh\u1eafc v\u1ec1 sinh vi\u00ean Khoa Du l\u1ecbch \u2013 Nh\u00e0 h\u00e0ng \u2013 Kh\u00e1ch s\u1ea1n HSU.<\/p>\n\n\n\n<p style=\"font-size:18px\">C\u00e1c b\u1ea1n \u0111\u00e3 s\u1edf h\u1eefu \u201cThe Future Chef Contest\u201d <strong>vang danh 12 n\u0103m<\/strong>, t\u1eeb m\u1ed9t \u0111\u1ec1 \u00e1n c\u1ea5p Tr\u01b0\u1eddng \u0111\u1ebfn c\u1ea5p to\u00e0n qu\u1ed1c, thu h\u00fat<strong> h\u01a1n 10.000 b\u1ea1n tr\u1ebb<\/strong> \u0111am m\u00ea l\u0129nh v\u1ef1c \u0111\u1ea7u b\u1ebfp v\u00e0 x\u00e1c l\u1eadp <strong>x\u00e1c l\u1eadp k\u1ef7 l\u1ee5c Guinness Vi\u1ec7t Nam<\/strong> v\u00e0o n\u0103m 2022. Cu\u1ed9c thi &#8220;I-Hotelier&#8221; <strong>g\u1ea7n 2 th\u1eadp k\u1ef7 <\/strong>nu\u00f4i d\u01b0\u1ee1ng c\u00e1c t\u00e0i n\u0103ng tr\u1ebb trong ng\u00e0nh Nh\u00e0 h\u00e0ng \u2013 Kh\u00e1ch s\u1ea1n. <\/p>\n\n\n\n<p style=\"font-size:18px\">Cu\u1ed9c thi pha ch\u1ebf &#8220;I-Bartender&#8221; quy t\u1ee5 <strong>ban gi\u00e1m kh\u1ea3o v\u00e0 th\u00ed sinh qu\u1ed1c t\u1ebf<\/strong>, cu\u1ed9c thi t\u00ecm ki\u1ebfm H\u01b0\u1edbng d\u1eabn vi\u00ean du l\u1ecbch t\u00e0i n\u0103ng<strong> &#8220;<\/strong>The Guiding Star&#8221; v\u00e0 r\u1ea5t nhi\u1ec1u \u0111\u1ec1 \u00e1n\/cu\u1ed9c thi kh\u00e1c. \u0110\u1eb7c bi\u1ec7t, kh\u00f4ng \u00edt sinh vi\u00ean \u0111\u00e3 tr\u1edf th\u00e0nh nh\u1eefng <strong>nh\u00e0 s\u00e1ng l\u1eadp tr\u1ebb<\/strong>, s\u1edf h\u1eefu <strong>d\u1ef1 \u00e1n ho\u1eb7c doanh nghi\u1ec7p <\/strong>ngay t\u1eeb khi c\u00f2n tr\u00ean gh\u1ebf gi\u1ea3ng \u0111\u01b0\u1eddng.<\/p>\n\n\n\n<p style=\"font-size:18px\">V\u1edbi m\u1ea1ng l\u01b0\u1edbi h\u1ee3p t\u00e1c chi\u1ebfn l\u01b0\u1ee3c nhi\u1ec1u t\u1eadp \u0111o\u00e0n, doanh nghi\u1ec7p h\u00e0ng \u0111\u1ea7u nh\u01b0: InterContinental Saigon, Danang &amp; Nha Trang; Rex Hotel Saigon; New World Saigon; Lotte Legend Hotel Saigon; Park Hyatt Saigon; TST Tourist; Vietravel; C\u00e1nh Cung Group, MultiMedia, UniMedia\u2026 sinh vi\u00ean th\u01b0\u1eddng xuy\u00ean \u0111\u01b0\u1ee3c tham gia <strong>fieldtrip th\u1ef1c t\u1ebf<\/strong>, <strong>th\u1ef1c h\u00e0nh m\u00f4 ph\u1ecfng<\/strong>, <strong>t\u1ed5 ch\u1ee9c s\u1ef1 ki\u1ec7n <\/strong>v\u00e0 <strong>k\u1ef3 th\u1ef1c t\u1eadp<\/strong> t\u1ea1i c\u00e1c doanh nghi\u1ec7p uy t\u00edn, m\u1edf r\u1ed9ng c\u01a1 h\u1ed9i ngh\u1ec1 nghi\u1ec7p ngay t\u1eeb khi c\u00f2n tr\u00ean gh\u1ebf nh\u00e0 tr\u01b0\u1eddng.<\/p>\n\n\n\n<p style=\"font-size:18px\">Theo kh\u1ea3o s\u00e1t th\u00e1ng 06\/2025 c\u1ee7a Tr\u01b0\u1eddng \u0110\u1ea1i h\u1ecdc Hoa Sen, t\u1ef7 l\u1ec7 sinh vi\u00ean <strong>c\u00f3 vi\u1ec7c l\u00e0m tr\u01b0\u1edbc khi t\u1ed1t nghi\u1ec7p<\/strong> Khoa Du l\u1ecbch &#8211; Nh\u00e0 h\u00e0ng &#8211; Kh\u00e1ch s\u1ea1n \u0111\u1ea1t m\u1ee9c \u1ea5n t\u01b0\u1ee3ng: <strong>100%<\/strong> \u1edf c\u00e1c ng\u00e0nh Qu\u1ea3n tr\u1ecb Du l\u1ecbch v\u00e0 L\u1eef h\u00e0nh, Qu\u1ea3n tr\u1ecb Kh\u00e1ch s\u1ea1n, Qu\u1ea3n tr\u1ecb S\u1ef1 ki\u1ec7n; <strong>98%<\/strong> \u1edf ng\u00e0nh Qu\u1ea3n tr\u1ecb Nh\u00e0 h\u00e0ng &amp; D\u1ecbch v\u1ee5 \u0102n u\u1ed1ng. \u0110\u1eb7c bi\u1ec7t, t\u1ef7 l\u1ec7 vi\u1ec7c l\u00e0m \u0111\u00fang chuy\u00ean ng\u00e0nh \u0111\u1ea1t <strong>72%<\/strong> (Du l\u1ecbch &amp; L\u1eef h\u00e0nh), <strong>86% <\/strong>(S\u1ef1 ki\u1ec7n); v\u00e0 g\u1ea7n <strong>50%<\/strong> sinh vi\u00ean Kh\u00e1ch s\u1ea1n, Nh\u00e0 h\u00e0ng \u2013 D\u1ecbch v\u1ee5 \u0102n u\u1ed1ng \u0111ang l\u00e0m vi\u1ec7c t\u1ea1i <strong>doanh nghi\u1ec7p qu\u1ed1c t\u1ebf ho\u1eb7c c\u00f3 y\u1ebfu t\u1ed1 n\u01b0\u1edbc ngo\u00e0i<\/strong> \u2013 minh ch\u1ee9ng cho n\u0103ng l\u1ef1c h\u1ed9i nh\u1eadp v\u01b0\u1ee3t tr\u1ed9i c\u1ee7a sinh vi\u00ean HSU.<\/p>\n\n\n\n<p style=\"font-size:18px\">V\u1edbi ch\u01b0\u01a1ng tr\u00ecnh \u0111\u00e0o t\u1ea1o hi\u1ec7n \u0111\u1ea1i, \u0111\u1ed9i ng\u0169 gi\u1ea3ng vi\u00ean xu\u1ea5t s\u1eafc, m\u00f4i tr\u01b0\u1eddng h\u1ecdc t\u1eadp qu\u1ed1c t\u1ebf v\u00e0 m\u1ea1ng l\u01b0\u1edbi doanh nghi\u1ec7p \u0111\u1ed1i t\u00e1c r\u1ed9ng kh\u1eafp, Khoa Du l\u1ecbch \u2013 Nh\u00e0 h\u00e0ng \u2013 Kh\u00e1ch s\u1ea1n, Tr\u01b0\u1eddng \u0110\u1ea1i h\u1ecdc Hoa Sen l\u00e0 \u0111i\u1ec3m \u0111\u1ebfn h\u1ecdc thu\u1eadt l\u00fd t\u01b0\u1edfng cho nh\u1eefng b\u1ea1n tr\u1ebb khao kh\u00e1t tr\u1edf th\u00e0nh chuy\u00ean gia qu\u1ea3n tr\u1ecb d\u1ecbch v\u1ee5 chuy\u00ean nghi\u1ec7p, c\u00f3 b\u1ea3n l\u0129nh, phong th\u00e1i to\u00e0n c\u1ea7u v\u00e0 t\u01b0 duy s\u00e1ng t\u1ea1o hi\u1ec7n \u0111\u1ea1i.<\/p>\n\n\n\n<div style=\"height:10px\" aria-hidden=\"true\" class=\"wp-block-spacer\"><\/div>\n\n\n\n<div style=\"height:20px\" aria-hidden=\"true\" class=\"wp-block-spacer\"><\/div>\n\n\n\n<div class=\"wp-block-columns is-layout-flex wp-container-core-columns-is-layout-9d6595d7 wp-block-columns-is-layout-flex\">\n<div class=\"wp-block-column is-layout-flow wp-block-column-is-layout-flow\">\n<figure class=\"wp-block-image size-full\"><img decoding=\"async\" src=\"https:\/\/www.hoasen.edu.vn\/ktqt\/wp-content\/uploads\/sites\/15\/2024\/01\/1-1-edited.jpg\" alt=\"\" class=\"wp-image-3647\"\/><\/figure>\n<\/div>\n\n\n\n<div class=\"wp-block-column is-layout-flow wp-block-column-is-layout-flow\">\n<figure class=\"wp-block-image size-full\"><img decoding=\"async\" src=\"https:\/\/www.hoasen.edu.vn\/ktqt\/wp-content\/uploads\/sites\/15\/2024\/01\/MAX3365.png\" alt=\"\" class=\"wp-image-3645\"\/><\/figure>\n<\/div>\n<\/div>\n\n\n\n<div class=\"wp-block-columns is-layout-flex wp-container-core-columns-is-layout-9d6595d7 wp-block-columns-is-layout-flex\">\n<div class=\"wp-block-column is-layout-flow wp-block-column-is-layout-flow\">\n<figure class=\"wp-block-image size-full\"><img decoding=\"async\" src=\"https:\/\/www.hoasen.edu.vn\/ktqt\/wp-content\/uploads\/sites\/15\/2024\/01\/321340919_855107139061387_4935275111566398232_n.jpg\" alt=\"\" class=\"wp-image-3660\"\/><\/figure>\n<\/div>\n\n\n\n<div class=\"wp-block-column is-layout-flow wp-block-column-is-layout-flow\">\n<figure class=\"wp-block-image size-full\"><img decoding=\"async\" src=\"https:\/\/www.hoasen.edu.vn\/ktqt\/wp-content\/uploads\/sites\/15\/2024\/01\/411364516_689358709966018_4017980130408538399_n.jpg\" alt=\"\" class=\"wp-image-3658\"\/><\/figure>\n<\/div>\n\n\n\n<div class=\"wp-block-column is-layout-flow wp-block-column-is-layout-flow\">\n<figure class=\"wp-block-image size-full\"><img decoding=\"async\" src=\"https:\/\/www.hoasen.edu.vn\/ktqt\/wp-content\/uploads\/sites\/15\/2024\/01\/419125059_704919408409948_7736606583399722170_n.jpg\" alt=\"\" class=\"wp-image-3694\"\/><\/figure>\n<\/div>\n<\/div>\n\n\n\n<figure class=\"wp-block-image size-full\"><img decoding=\"async\" src=\"https:\/\/www.hoasen.edu.vn\/ktqt\/wp-content\/uploads\/sites\/15\/2024\/01\/410427718_689358726632683_2800758144466346450_n-2.jpg\" alt=\"\" class=\"wp-image-3655\"\/><\/figure>\n<\/div>\n\n\n\n<div class=\"wp-block-column is-layout-flow wp-block-column-is-layout-flow\" style=\"flex-basis:70px\"><\/div>\n<\/div>\n\n\n\n<p><\/p>\n","protected":false},"excerpt":{"rendered":"<p>Ch\u00e0o m\u1eebng b\u1ea1n \u0111\u1ebfn v\u1edbi Khoa Du l\u1ecbch &#8211; Nh\u00e0 h\u00e0ng &#8211; Kh\u00e1ch s\u1ea1n S\u1ef1 ph\u00e1t tri\u1ec3n m\u1ea1nh m\u1ebd c\u1ee7a n\u1ec1n kinh t\u1ebf to\u00e0n c\u1ea7u c\u00f9ng v\u1edbi nhu c\u1ea7u ch\u0103m s\u00f3c s\u1ee9c kh\u1ecfe tinh th\u1ea7n v\u00e0 kh\u00e1m ph\u00e1 v\u0103n h\u00f3a b\u1ea3n \u0111\u1ecba \u0111\u00e3 g\u00f3p ph\u1ea7n \u0111\u01b0a ng\u00e0nh Du l\u1ecbch \u2013 D\u1ecbch v\u1ee5 tr\u1edf th\u00e0nh m\u1ed9t trong nh\u1eefng l\u0129nh v\u1ef1c tr\u1ecdng y\u1ebfu ph\u00e1t tri\u1ec3n kinh t\u1ebf b\u1ec1n v\u1eefng c\u1ee7a qu\u1ed1c gia. Song h\u00e0nh v\u1edbi \u0111\u00f3 l\u00e0 y\u00eau c\u1ea7u ng\u00e0y c\u00e0ng cao v\u1ec1 \u0111\u1ed9i ng\u0169 nh\u00e2n l\u1ef1c c\u00f3 t\u01b0 duy d\u1ecbch v\u1ee5 hi\u1ec7n \u0111\u1ea1i, gi\u1ecfi ngo\u1ea1i ng\u1eef v\u00e0 kh\u1ea3 n\u0103ng th\u00edch \u1ee9ng&#8230;<\/p>\n","protected":false},"author":5427,"featured_media":0,"parent":5017,"menu_order":1,"comment_status":"closed","ping_status":"closed","template":"","meta":{"footnotes":""},"class_list":["post-5019","page","type-page","status-publish","hentry"],"acf":[],"_links":{"self":[{"href":"https:\/\/www.hoasen.edu.vn\/dl\/wp-json\/wp\/v2\/pages\/5019","targetHints":{"allow":["GET"]}}],"collection":[{"href":"https:\/\/www.hoasen.edu.vn\/dl\/wp-json\/wp\/v2\/pages"}],"about":[{"href":"https:\/\/www.hoasen.edu.vn\/dl\/wp-json\/wp\/v2\/types\/page"}],"author":[{"embeddable":true,"href":"https:\/\/www.hoasen.edu.vn\/dl\/wp-json\/wp\/v2\/users\/5427"}],"replies":[{"embeddable":true,"href":"https:\/\/www.hoasen.edu.vn\/dl\/wp-json\/wp\/v2\/comments?post=5019"}],"version-history":[{"count":2,"href":"https:\/\/www.hoasen.edu.vn\/dl\/wp-json\/wp\/v2\/pages\/5019\/revisions"}],"predecessor-version":[{"id":5161,"href":"https:\/\/www.hoasen.edu.vn\/dl\/wp-json\/wp\/v2\/pages\/5019\/revisions\/5161"}],"up":[{"embeddable":true,"href":"https:\/\/www.hoasen.edu.vn\/dl\/wp-json\/wp\/v2\/pages\/5017"}],"wp:attachment":[{"href":"https:\/\/www.hoasen.edu.vn\/dl\/wp-json\/wp\/v2\/media?parent=5019"}],"curies":[{"name":"wp","href":"https:\/\/api.w.org\/{rel}","templated":true}]}}