{"id":1370,"date":"2024-05-09T10:42:37","date_gmt":"2024-05-09T03:42:37","guid":{"rendered":"https:\/\/www.hoasen.edu.vn\/demontfort\/?page_id=1370"},"modified":"2026-01-28T10:43:48","modified_gmt":"2026-01-28T03:43:48","slug":"register-for-consultation","status":"publish","type":"page","link":"https:\/\/www.hoasen.edu.vn\/demontfort\/en\/register-for-consultation\/","title":{"rendered":"Register for Consultation"},"content":{"rendered":"\n<div class=\"wp-block-cover is-light dmu hsu-block-cs form-dmu\"><img loading=\"lazy\" decoding=\"async\" width=\"6001\" height=\"2624\" class=\"wp-block-cover__image-background wp-image-9861 size-full\" alt=\"\" src=\"https:\/\/www.hoasen.edu.vn\/demontfort\/wp-content\/uploads\/sites\/59\/2025\/10\/background-dmu-07.png\" data-object-fit=\"cover\"\/><span aria-hidden=\"true\" class=\"wp-block-cover__background has-background-dim-40 has-background-dim\" style=\"background-color:#fcf7f7\"><\/span><div class=\"wp-block-cover__inner-container is-layout-constrained wp-block-cover-is-layout-constrained\">\n<div class=\"wp-block-contact-form-7-contact-form-selector\">\n<div class=\"wpcf7 no-js\" id=\"wpcf7-f12183-o1\" lang=\"vi\" dir=\"ltr\">\n<div class=\"screen-reader-response\"><p role=\"status\" aria-live=\"polite\" aria-atomic=\"true\"><\/p> <ul><\/ul><\/div>\n<form action=\"\/demontfort\/wp-json\/wp\/v2\/pages\/1370\" method=\"post\" class=\"wpcf7-form init\" aria-label=\"Form li\u00ean h\u1ec7\" novalidate=\"novalidate\" data-status=\"init\">\n<div style=\"display: none;\">\n<input type=\"hidden\" name=\"_wpcf7\" value=\"12183\" \/>\n<input type=\"hidden\" name=\"_wpcf7_version\" value=\"5.8.2\" \/>\n<input type=\"hidden\" name=\"_wpcf7_locale\" value=\"vi\" \/>\n<input type=\"hidden\" name=\"_wpcf7_unit_tag\" value=\"wpcf7-f12183-o1\" \/>\n<input type=\"hidden\" name=\"_wpcf7_container_post\" value=\"0\" \/>\n<input type=\"hidden\" name=\"_wpcf7_posted_data_hash\" value=\"\" \/>\n<input type=\"hidden\" name=\"_wpcf7cf_hidden_group_fields\" value=\"[]\" \/>\n<input type=\"hidden\" name=\"_wpcf7cf_hidden_groups\" value=\"[]\" \/>\n<input type=\"hidden\" name=\"_wpcf7cf_visible_groups\" value=\"[]\" \/>\n<input type=\"hidden\" name=\"_wpcf7cf_repeaters\" value=\"[]\" \/>\n<input type=\"hidden\" name=\"_wpcf7cf_steps\" value=\"{}\" \/>\n<input type=\"hidden\" name=\"_wpcf7cf_options\" value=\"{&quot;form_id&quot;:12183,&quot;conditions&quot;:[],&quot;settings&quot;:{&quot;animation&quot;:&quot;yes&quot;,&quot;animation_intime&quot;:200,&quot;animation_outtime&quot;:200,&quot;conditions_ui&quot;:&quot;normal&quot;,&quot;notice_dismissed&quot;:false}}\" \/>\n<input type=\"hidden\" name=\"_wpcf7_recaptcha_response\" value=\"\" \/>\n<\/div>\n<div class=\"hsu-form-box\" id=\"form-dmu\">\n<h2>REGISTER FOR CONSULTATION<\/h2>\n\n<div class=\"form-row\">\n  <div><span class=\"wpcf7-form-control-wrap\" data-name=\"dmu-role\"><select class=\"wpcf7-form-control wpcf7-select wpcf7-validates-as-required\" aria-required=\"true\" aria-invalid=\"false\" name=\"dmu-role\"><option value=\"\">You are: Parent\/Student<\/option><option value=\"Parent\">Parent<\/option><option value=\"Student\">Student<\/option><\/select><\/span><\/div>\n  <div><span class=\"wpcf7-form-control-wrap\" data-name=\"dmu-name\"><input size=\"40\" class=\"wpcf7-form-control wpcf7-text wpcf7-validates-as-required\" aria-required=\"true\" aria-invalid=\"false\" placeholder=\"Full Name\" value=\"\" type=\"text\" name=\"dmu-name\" \/><\/span><\/div>\n<\/div>\n\n<div class=\"form-row\">\n  <div><span class=\"wpcf7-form-control-wrap\" data-name=\"dmu-phone\"><input size=\"40\" class=\"wpcf7-form-control wpcf7-tel wpcf7-validates-as-required wpcf7-text wpcf7-validates-as-tel\" aria-required=\"true\" aria-invalid=\"false\" placeholder=\"Phone Number\" value=\"\" type=\"tel\" name=\"dmu-phone\" \/><\/span><\/div>\n  <div><span class=\"wpcf7-form-control-wrap\" data-name=\"dmu-email\"><input size=\"40\" class=\"wpcf7-form-control wpcf7-email wpcf7-validates-as-required wpcf7-text wpcf7-validates-as-email\" aria-required=\"true\" aria-invalid=\"false\" placeholder=\"Email Address\" value=\"\" type=\"email\" name=\"dmu-email\" \/><\/span><\/div>\n<\/div>\n\n<div class=\"form-row\">\n  <div><span class=\"wpcf7-form-control-wrap\" data-name=\"dmu-local\"><select class=\"wpcf7-form-control wpcf7-select wpcf7-validates-as-required\" aria-required=\"true\" aria-invalid=\"false\" name=\"dmu-local\"><option value=\"\">Province\/City<\/option><option value=\"An Giang\">An Giang<\/option><option value=\"B\u1eafc Ninh\">B\u1eafc Ninh<\/option><option value=\"C\u00e0 Mau\">C\u00e0 Mau<\/option><option value=\"Cao B\u1eb1ng\">Cao B\u1eb1ng<\/option><option value=\"TP. C\u1ea7n Th\u01a1\">TP. C\u1ea7n Th\u01a1<\/option><option value=\"TP. \u0110\u00e0 N\u1eb5ng\">TP. \u0110\u00e0 N\u1eb5ng<\/option><option value=\"\u0110\u1eafk L\u1eafk\">\u0110\u1eafk L\u1eafk<\/option><option value=\"\u0110i\u1ec7n Bi\u00ean\">\u0110i\u1ec7n Bi\u00ean<\/option><option value=\"\u0110\u1ed3ng Nai\">\u0110\u1ed3ng Nai<\/option><option value=\"\u0110\u1ed3ng Th\u00e1p\">\u0110\u1ed3ng Th\u00e1p<\/option><option value=\"Gia Lai\">Gia Lai<\/option><option value=\"TP. H\u00e0 N\u1ed9i\">TP. H\u00e0 N\u1ed9i<\/option><option value=\"H\u00e0 T\u0129nh\">H\u00e0 T\u0129nh<\/option><option value=\"TP. H\u1ea3i Ph\u00f2ng\">TP. H\u1ea3i Ph\u00f2ng<\/option><option value=\"TP. H\u1ed3 Ch\u00ed Minh\">TP. H\u1ed3 Ch\u00ed Minh<\/option><option value=\"TP. Hu\u1ebf\">TP. Hu\u1ebf<\/option><option value=\"H\u01b0ng Y\u00ean\">H\u01b0ng Y\u00ean<\/option><option value=\"Kh\u00e1nh Ho\u00e0\">Kh\u00e1nh Ho\u00e0<\/option><option value=\"Lai Ch\u00e2u\">Lai Ch\u00e2u<\/option><option value=\"L\u1ea1ng S\u01a1n\">L\u1ea1ng S\u01a1n<\/option><option value=\"L\u00e0o Cai\">L\u00e0o Cai<\/option><option value=\"L\u00e2m \u0110\u1ed3ng\">L\u00e2m \u0110\u1ed3ng<\/option><option value=\"Ngh\u1ec7 An\">Ngh\u1ec7 An<\/option><option value=\"Ninh B\u00ecnh\">Ninh B\u00ecnh<\/option><option value=\"Ph\u00fa Th\u1ecd\">Ph\u00fa Th\u1ecd<\/option><option value=\"Qu\u1ea3ng Ng\u00e3i\">Qu\u1ea3ng Ng\u00e3i<\/option><option value=\"Qu\u1ea3ng Ninh\">Qu\u1ea3ng Ninh<\/option><option value=\"Qu\u1ea3ng Tr\u1ecb\">Qu\u1ea3ng Tr\u1ecb<\/option><option value=\"S\u01a1n La\">S\u01a1n La<\/option><option value=\"T\u00e2y Ninh\">T\u00e2y Ninh<\/option><option value=\"Th\u00e1i Nguy\u00ean\">Th\u00e1i Nguy\u00ean<\/option><option value=\"Thanh H\u00f3a\">Thanh H\u00f3a<\/option><option value=\"Tuy\u00ean Quang\">Tuy\u00ean Quang<\/option><option value=\"V\u0129nh Long\">V\u0129nh Long<\/option><\/select><\/span><\/div>\n  <div><span class=\"wpcf7-form-control-wrap\" data-name=\"dmu-major\"><select class=\"wpcf7-form-control wpcf7-select wpcf7-validates-as-required\" aria-required=\"true\" aria-invalid=\"false\" name=\"dmu-major\"><option value=\"\">Select Programme of Interest<\/option><option value=\"Kinh doanh qu\u1ed1c t\u1ebf\">Kinh doanh qu\u1ed1c t\u1ebf<\/option><option value=\"Marketing\">Marketing<\/option><option value=\"Thi\u1ebft k\u1ebf \u0111\u1ed3 h\u1ecda\">Thi\u1ebft k\u1ebf \u0111\u1ed3 h\u1ecda<\/option><option value=\"Qu\u1ea3n tr\u1ecb kinh doanh\">Qu\u1ea3n tr\u1ecb kinh doanh<\/option><option value=\"C\u00f4ng ngh\u1ec7 t\u00e0i ch\u00ednh\">C\u00f4ng ngh\u1ec7 t\u00e0i ch\u00ednh<\/option><option value=\"Ng\u00e0nh quan t\u00e2m kh\u00e1c\">Ng\u00e0nh quan t\u00e2m kh\u00e1c<\/option><\/select><\/span><\/div>\n<\/div>\n\n<div class=\"form-row submit-row\">\n      <input class=\"wpcf7-form-control wpcf7-hidden\" value=\"\" type=\"hidden\" name=\"utm_source\" \/>\n      <input class=\"wpcf7-form-control wpcf7-hidden\" value=\"\" type=\"hidden\" name=\"utm_campaign\" \/>\n      <input class=\"wpcf7-form-control wpcf7-hidden\" value=\"\" type=\"hidden\" name=\"utm_term\" \/>\n      <input class=\"wpcf7-form-control wpcf7-hidden\" value=\"\" type=\"hidden\" name=\"utm_content\" \/>\n      <input class=\"wpcf7-form-control wpcf7-hidden\" value=\"\" type=\"hidden\" name=\"utm_gad_campaignid\" \/>\n      <input class=\"wpcf7-form-control wpcf7-hidden\" id=\"current_url\" value=\"\" type=\"hidden\" name=\"current_url\" \/>\n      <span class=\"wpcf7-form-control-wrap recaptcha\" data-name=\"recaptcha\"><span data-sitekey=\"6LfW6iAUAAAAAKXZDexnlgsOD9TVQX-AVJizBf6u\" data-align=\"center\" class=\"wpcf7-form-control wpcf7-recaptcha g-recaptcha\"><\/span>\r\n<noscript>\r\n\t<div class=\"grecaptcha-noscript\">\r\n\t\t<iframe loading=\"lazy\" src=\"https:\/\/www.google.com\/recaptcha\/api\/fallback?k=6LfW6iAUAAAAAKXZDexnlgsOD9TVQX-AVJizBf6u\" frameborder=\"0\" scrolling=\"no\" width=\"310\" height=\"430\">\r\n\t\t<\/iframe>\r\n\t\t<textarea name=\"g-recaptcha-response\" rows=\"3\" cols=\"40\" placeholder=\"reCaptcha Response Here\">\r\n\t\t<\/textarea>\r\n\t<\/div>\r\n<\/noscript>\r\n<\/span>\n<input class=\"wpcf7-form-control wpcf7-submit has-spinner\" id=\"btndmu\" type=\"submit\" value=\"Submit\" \/>\n<\/div>\n<!-- Popup Loading -->\n   <div id=\"loadingPopup\" style=\"display:none; position: fixed; top: 50%; left: 50%; transform: translate(-50%, -50%); background: rgba(0, 0, 0, 0.7); padding: 20px; color: white; border-radius: 10px; height: 100%; width: 100%; z-index: 99999999999;\">\n        \n        <img decoding=\"async\" src=\"https:\/\/www.hoasen.edu.vn\/wp-content\/uploads\/Animation1739846046612.gif\" alt=\"Loading...\" style=\"width: 100px;top: 50%;position: absolute;left: 50%\">\n    <\/div>\n<\/div>\n<script>\ndocument.addEventListener('DOMContentLoaded', function () {\n    var input = document.getElementById('current_url');\n    if (input) {\n        input.value = window.location.href;\n    }\n});\n  jQuery(document).ready(function($) {\n\t$('#btndmu').click(function(e) {   \n\n\t   let isValid = true;\n\t   $('#form-dmu input[aria-required=\"true\"]').each(function() {\n\t\t   if ($(this).val().trim() === '') {\n\t\t\t   isValid = false;\n\t\t\t   alert('Please fill in all the information!');\n\t\t\t   $(this).focus();\n\t\t\t   return false; \n\t\t   }\n\t   });\n\t\t$('#form-dmu select[aria-required=\"true\"]').each(function() {\n\t   if ($(this).val().trim() === '') {\n\t\t   isValid = false;\n\t\t   alert('Please select all the required information!');\n\t\t   $(this).focus();\n\t\t   return false; \n\t   }\n   });\n\t   if (!isValid) {\n\t\t   return;\n\t   }\n\t   \n    if (grecaptcha.getResponse() === '') {\n            alert('Please verify that you are not a robot!');\n            return;\n        }\n\t   \n   $('#btndmu').hide();\n        $('#loadingPopup').show();\n\t   let isEmailSubmitted = false;\n  const googleAppsScriptURL = \"https:\/\/script.google.com\/macros\/s\/AKfycbz7jzV3zfrMGu4tXSIKxN_6ORS9uD2q0J0QpwuPaadMQEfKgK1njkcRq3GdEsnrDn8XmQ\/exec\"; \n   $(document).on(\"click\", \"#btndmu\", function () {\n\t   if (isEmailSubmitted) return;\n  const role_dmu = $(\"select[name='dmu-role']\").val();\n  const name_dmu = $(\"input[name='dmu-name']\").val();\n  const phone_dmu = $(\"input[name='dmu-phone']\").val();\n  const email_dmu = $(\"input[name='dmu-email']\").val();\n  const local_dmu = $(\"select[name='dmu-local']\").val();\n  const majors_dmu = $(\"select[name='dmu-major']\").val();\n   \n\tconst adv_source = $(\"input[name='utm_source']\").val();\n\tconst adv_campaign = $(\"input[name='utm_campaign']\").val();\n\tconst adv_term = $(\"input[name='utm_term']\").val();\n\tconst adv_content= $(\"input[name='utm_content']\").val();\n    const adv_gad_campaignid= $(\"input[name='utm_gad_campaignid']\").val();\n    const adv_url= $(\"input[name='current_url']\").val();\n\n   $.post(googleAppsScriptURL, JSON.stringify({ \n       role: role_dmu, \n       name: name_dmu,     \n       phone: phone_dmu,\n\t   email: email_dmu,\n       local: local_dmu,\n\t   majors: majors_dmu,\n\t   source: adv_source,\n\t\tcampaign: adv_campaign,\n\t\tterm: adv_term,\n\t\tcontent: adv_content,\n        gad: adv_gad_campaignid,\n\t\turl: adv_url\n   }))\n   .done(function() {\n            window.location.href = 'https:\/\/www.hoasen.edu.vn\/demontfort\/cam-on\/';\n        })\n   .fail(function () {\n\t   console.warn(\"Kh\u00f4ng th\u1ec3 g\u1eedi d\u1eef li\u1ec7u l\u00ean Google Sheet.\");\n   });\n   \n  });\n   });\n  \n  });\n<\/script><div class=\"wpcf7-response-output\" aria-hidden=\"true\"><\/div>\n<\/form>\n<\/div>\n<\/div>\n<\/div><\/div>\n","protected":false},"excerpt":{"rendered":"","protected":false},"author":3458,"featured_media":12465,"parent":0,"menu_order":0,"comment_status":"closed","ping_status":"closed","template":"page-templates\/about-temp-dmu.php","meta":{"footnotes":""},"class_list":["post-1370","page","type-page","status-publish","has-post-thumbnail","hentry"],"acf":[],"_links":{"self":[{"href":"https:\/\/www.hoasen.edu.vn\/demontfort\/wp-json\/wp\/v2\/pages\/1370","targetHints":{"allow":["GET"]}}],"collection":[{"href":"https:\/\/www.hoasen.edu.vn\/demontfort\/wp-json\/wp\/v2\/pages"}],"about":[{"href":"https:\/\/www.hoasen.edu.vn\/demontfort\/wp-json\/wp\/v2\/types\/page"}],"author":[{"embeddable":true,"href":"https:\/\/www.hoasen.edu.vn\/demontfort\/wp-json\/wp\/v2\/users\/3458"}],"replies":[{"embeddable":true,"href":"https:\/\/www.hoasen.edu.vn\/demontfort\/wp-json\/wp\/v2\/comments?post=1370"}],"version-history":[{"count":4,"href":"https:\/\/www.hoasen.edu.vn\/demontfort\/wp-json\/wp\/v2\/pages\/1370\/revisions"}],"predecessor-version":[{"id":12184,"href":"https:\/\/www.hoasen.edu.vn\/demontfort\/wp-json\/wp\/v2\/pages\/1370\/revisions\/12184"}],"wp:featuredmedia":[{"embeddable":true,"href":"https:\/\/www.hoasen.edu.vn\/demontfort\/wp-json\/wp\/v2\/media\/12465"}],"wp:attachment":[{"href":"https:\/\/www.hoasen.edu.vn\/demontfort\/wp-json\/wp\/v2\/media?parent=1370"}],"curies":[{"name":"wp","href":"https:\/\/api.w.org\/{rel}","templated":true}]}}