{"id":3274,"date":"2024-10-18T11:16:00","date_gmt":"2024-10-18T04:16:00","guid":{"rendered":"https:\/\/www.hoasen.edu.vn\/dbclkt\/?page_id=3274"},"modified":"2025-02-21T09:19:20","modified_gmt":"2025-02-21T02:19:20","slug":"hoi-dap","status":"publish","type":"page","link":"https:\/\/www.hoasen.edu.vn\/dbclkt\/vi\/hoi-dap\/","title":{"rendered":"H\u1ecfi &amp; \u0110\u00e1p"},"content":{"rendered":"\t<div class=\"vc-feedback--leader\">\r\n\t\t<div class=\"container\">\r\n\t\t\t\t\t\t\t<h2 class=\"vc-headline--primary position-relative\">Ph\u1ea3n h\u1ed3i c\u00e1c g\u00f3p \u00fd<\/h2>\r\n\t\t\t\r\n\t\t\t\r\n\t\t\t\t\t\t\t<div class=\"row flex-lg-row-reverse jsTeam\">\r\n\t\t\t\t\t<div class=\"col-12 col-md-12 col-lg-7 col-xl-7 col-xxl-7\">\r\n\t\t\t\t\t\t<div class=\"swiper-container vc-feedback__container\" id=\"jsImageblock_73a48a31eb3a91c08b71b655243faf2e\">\r\n\t\t\t\t\t\t\t<div class=\"swiper-wrapper\">\r\n\t\t\t\t\t\t\t\t\t\t\t\t\t\t\t\t\t<div class=\"swiper-slide jsCommentItem\">\r\n\t\t\t\t\t\t\t\t\t\t<div class=\"vc-feedback__item d-block\">\r\n\t\t\t\t\t\t\t\t\t\t\t<span class=\"vc-feedback__avatar position-relative d-block\">\r\n\t\t\t\t\t\t\t\t\t\t\t\t\t\t\t\t\t\t\t\t\t\t\t\t<img decoding=\"async\" class=\"position-absolute\" src=\"https:\/\/www.hoasen.edu.vn\/dbclkt\/wp-content\/uploads\/sites\/19\/2025\/02\/GVC7.png\" alt=\"\">\r\n\t\t\t\t\t\t\t\t\t\t\t<\/span>\r\n\t\t\t\t\t\t\t\t\t\t<\/div>\r\n\t\t\t\t\t\t\t\t\t<\/div>\r\n\t\t\t\t\t\t\t\t\t\t\t\t\t\t\t\t\t<div class=\"swiper-slide jsCommentItem\">\r\n\t\t\t\t\t\t\t\t\t\t<div class=\"vc-feedback__item d-block\">\r\n\t\t\t\t\t\t\t\t\t\t\t<span class=\"vc-feedback__avatar position-relative d-block\">\r\n\t\t\t\t\t\t\t\t\t\t\t\t\t\t\t\t\t\t\t\t\t\t\t\t<img decoding=\"async\" class=\"position-absolute\" src=\"https:\/\/www.hoasen.edu.vn\/dbclkt\/wp-content\/uploads\/sites\/19\/2025\/02\/SV1.png\" alt=\"\">\r\n\t\t\t\t\t\t\t\t\t\t\t<\/span>\r\n\t\t\t\t\t\t\t\t\t\t<\/div>\r\n\t\t\t\t\t\t\t\t\t<\/div>\r\n\t\t\t\t\t\t\t\t\t\t\t\t\t\t\t\t\t<div class=\"swiper-slide jsCommentItem\">\r\n\t\t\t\t\t\t\t\t\t\t<div class=\"vc-feedback__item d-block\">\r\n\t\t\t\t\t\t\t\t\t\t\t<span class=\"vc-feedback__avatar position-relative d-block\">\r\n\t\t\t\t\t\t\t\t\t\t\t\t\t\t\t\t\t\t\t\t\t\t\t\t<img decoding=\"async\" class=\"position-absolute\" src=\"https:\/\/www.hoasen.edu.vn\/dbclkt\/wp-content\/uploads\/sites\/19\/2025\/02\/GVC1-1.png\" alt=\"\">\r\n\t\t\t\t\t\t\t\t\t\t\t<\/span>\r\n\t\t\t\t\t\t\t\t\t\t<\/div>\r\n\t\t\t\t\t\t\t\t\t<\/div>\r\n\t\t\t\t\t\t\t\t\t\t\t\t\t\t\t\t\t<div class=\"swiper-slide jsCommentItem\">\r\n\t\t\t\t\t\t\t\t\t\t<div class=\"vc-feedback__item d-block\">\r\n\t\t\t\t\t\t\t\t\t\t\t<span class=\"vc-feedback__avatar position-relative d-block\">\r\n\t\t\t\t\t\t\t\t\t\t\t\t\t\t\t\t\t\t\t\t\t\t\t\t<img decoding=\"async\" class=\"position-absolute\" src=\"https:\/\/www.hoasen.edu.vn\/dbclkt\/wp-content\/uploads\/sites\/19\/2025\/02\/DNC1.png\" alt=\"\">\r\n\t\t\t\t\t\t\t\t\t\t\t<\/span>\r\n\t\t\t\t\t\t\t\t\t\t<\/div>\r\n\t\t\t\t\t\t\t\t\t<\/div>\r\n\t\t\t\t\t\t\t\t\t\t\t\t\t\t\t\t\t<div class=\"swiper-slide jsCommentItem\">\r\n\t\t\t\t\t\t\t\t\t\t<div class=\"vc-feedback__item d-block\">\r\n\t\t\t\t\t\t\t\t\t\t\t<span class=\"vc-feedback__avatar position-relative d-block\">\r\n\t\t\t\t\t\t\t\t\t\t\t\t\t\t\t\t\t\t\t\t\t\t\t\t<img decoding=\"async\" class=\"position-absolute\" src=\"https:\/\/www.hoasen.edu.vn\/dbclkt\/wp-content\/uploads\/sites\/19\/2025\/02\/SV2.png\" alt=\"\">\r\n\t\t\t\t\t\t\t\t\t\t\t<\/span>\r\n\t\t\t\t\t\t\t\t\t\t<\/div>\r\n\t\t\t\t\t\t\t\t\t<\/div>\r\n\t\t\t\t\t\t\t\t\t\t\t\t\t\t\t\t\t<div class=\"swiper-slide jsCommentItem\">\r\n\t\t\t\t\t\t\t\t\t\t<div class=\"vc-feedback__item d-block\">\r\n\t\t\t\t\t\t\t\t\t\t\t<span class=\"vc-feedback__avatar position-relative d-block\">\r\n\t\t\t\t\t\t\t\t\t\t\t\t\t\t\t\t\t\t\t\t\t\t\t\t<img decoding=\"async\" class=\"position-absolute\" src=\"https:\/\/www.hoasen.edu.vn\/dbclkt\/wp-content\/uploads\/sites\/19\/2025\/02\/GVC2-1.png\" alt=\"\">\r\n\t\t\t\t\t\t\t\t\t\t\t<\/span>\r\n\t\t\t\t\t\t\t\t\t\t<\/div>\r\n\t\t\t\t\t\t\t\t\t<\/div>\r\n\t\t\t\t\t\t\t\t\t\t\t\t\t\t\t\t\t<div class=\"swiper-slide jsCommentItem\">\r\n\t\t\t\t\t\t\t\t\t\t<div class=\"vc-feedback__item d-block\">\r\n\t\t\t\t\t\t\t\t\t\t\t<span class=\"vc-feedback__avatar position-relative d-block\">\r\n\t\t\t\t\t\t\t\t\t\t\t\t\t\t\t\t\t\t\t\t\t\t\t\t<img decoding=\"async\" class=\"position-absolute\" src=\"https:\/\/www.hoasen.edu.vn\/dbclkt\/wp-content\/uploads\/sites\/19\/2025\/02\/DNC2.png\" alt=\"\">\r\n\t\t\t\t\t\t\t\t\t\t\t<\/span>\r\n\t\t\t\t\t\t\t\t\t\t<\/div>\r\n\t\t\t\t\t\t\t\t\t<\/div>\r\n\t\t\t\t\t\t\t\t\t\t\t\t\t\t\t\t\t<div class=\"swiper-slide jsCommentItem\">\r\n\t\t\t\t\t\t\t\t\t\t<div class=\"vc-feedback__item d-block\">\r\n\t\t\t\t\t\t\t\t\t\t\t<span class=\"vc-feedback__avatar position-relative d-block\">\r\n\t\t\t\t\t\t\t\t\t\t\t\t\t\t\t\t\t\t\t\t\t\t\t\t<img decoding=\"async\" class=\"position-absolute\" src=\"https:\/\/www.hoasen.edu.vn\/dbclkt\/wp-content\/uploads\/sites\/19\/2025\/02\/SV3.png\" alt=\"\">\r\n\t\t\t\t\t\t\t\t\t\t\t<\/span>\r\n\t\t\t\t\t\t\t\t\t\t<\/div>\r\n\t\t\t\t\t\t\t\t\t<\/div>\r\n\t\t\t\t\t\t\t\t\t\t\t\t\t\t\t\t\t<div class=\"swiper-slide jsCommentItem\">\r\n\t\t\t\t\t\t\t\t\t\t<div class=\"vc-feedback__item d-block\">\r\n\t\t\t\t\t\t\t\t\t\t\t<span class=\"vc-feedback__avatar position-relative d-block\">\r\n\t\t\t\t\t\t\t\t\t\t\t\t\t\t\t\t\t\t\t\t\t\t\t\t<img decoding=\"async\" class=\"position-absolute\" src=\"https:\/\/www.hoasen.edu.vn\/dbclkt\/wp-content\/uploads\/sites\/19\/2025\/02\/GVC3.png\" alt=\"\">\r\n\t\t\t\t\t\t\t\t\t\t\t<\/span>\r\n\t\t\t\t\t\t\t\t\t\t<\/div>\r\n\t\t\t\t\t\t\t\t\t<\/div>\r\n\t\t\t\t\t\t\t\t\t\t\t\t\t\t\t\t\t<div class=\"swiper-slide jsCommentItem\">\r\n\t\t\t\t\t\t\t\t\t\t<div class=\"vc-feedback__item d-block\">\r\n\t\t\t\t\t\t\t\t\t\t\t<span class=\"vc-feedback__avatar position-relative d-block\">\r\n\t\t\t\t\t\t\t\t\t\t\t\t\t\t\t\t\t\t\t\t\t\t\t\t<img decoding=\"async\" class=\"position-absolute\" src=\"https:\/\/www.hoasen.edu.vn\/dbclkt\/wp-content\/uploads\/sites\/19\/2025\/02\/DNC3.png\" alt=\"\">\r\n\t\t\t\t\t\t\t\t\t\t\t<\/span>\r\n\t\t\t\t\t\t\t\t\t\t<\/div>\r\n\t\t\t\t\t\t\t\t\t<\/div>\r\n\t\t\t\t\t\t\t\t\t\t\t\t\t\t\t\t\t<div class=\"swiper-slide jsCommentItem\">\r\n\t\t\t\t\t\t\t\t\t\t<div class=\"vc-feedback__item d-block\">\r\n\t\t\t\t\t\t\t\t\t\t\t<span class=\"vc-feedback__avatar position-relative d-block\">\r\n\t\t\t\t\t\t\t\t\t\t\t\t\t\t\t\t\t\t\t\t\t\t\t\t<img decoding=\"async\" class=\"position-absolute\" src=\"https:\/\/www.hoasen.edu.vn\/dbclkt\/wp-content\/uploads\/sites\/19\/2025\/02\/SV4.png\" alt=\"\">\r\n\t\t\t\t\t\t\t\t\t\t\t<\/span>\r\n\t\t\t\t\t\t\t\t\t\t<\/div>\r\n\t\t\t\t\t\t\t\t\t<\/div>\r\n\t\t\t\t\t\t\t\t\t\t\t\t\t\t\t\t\t<div class=\"swiper-slide jsCommentItem\">\r\n\t\t\t\t\t\t\t\t\t\t<div class=\"vc-feedback__item d-block\">\r\n\t\t\t\t\t\t\t\t\t\t\t<span class=\"vc-feedback__avatar position-relative d-block\">\r\n\t\t\t\t\t\t\t\t\t\t\t\t\t\t\t\t\t\t\t\t\t\t\t\t<img decoding=\"async\" class=\"position-absolute\" src=\"https:\/\/www.hoasen.edu.vn\/dbclkt\/wp-content\/uploads\/sites\/19\/2025\/02\/GVC4.png\" alt=\"\">\r\n\t\t\t\t\t\t\t\t\t\t\t<\/span>\r\n\t\t\t\t\t\t\t\t\t\t<\/div>\r\n\t\t\t\t\t\t\t\t\t<\/div>\r\n\t\t\t\t\t\t\t\t\t\t\t\t\t\t\t\t\t<div class=\"swiper-slide jsCommentItem\">\r\n\t\t\t\t\t\t\t\t\t\t<div class=\"vc-feedback__item d-block\">\r\n\t\t\t\t\t\t\t\t\t\t\t<span class=\"vc-feedback__avatar position-relative d-block\">\r\n\t\t\t\t\t\t\t\t\t\t\t\t\t\t\t\t\t\t\t\t\t\t\t\t<img decoding=\"async\" class=\"position-absolute\" src=\"https:\/\/www.hoasen.edu.vn\/dbclkt\/wp-content\/uploads\/sites\/19\/2025\/02\/DNC4.png\" alt=\"\">\r\n\t\t\t\t\t\t\t\t\t\t\t<\/span>\r\n\t\t\t\t\t\t\t\t\t\t<\/div>\r\n\t\t\t\t\t\t\t\t\t<\/div>\r\n\t\t\t\t\t\t\t\t\t\t\t\t\t\t\t\t\t<div class=\"swiper-slide jsCommentItem\">\r\n\t\t\t\t\t\t\t\t\t\t<div class=\"vc-feedback__item d-block\">\r\n\t\t\t\t\t\t\t\t\t\t\t<span class=\"vc-feedback__avatar position-relative d-block\">\r\n\t\t\t\t\t\t\t\t\t\t\t\t\t\t\t\t\t\t\t\t\t\t\t\t<img decoding=\"async\" class=\"position-absolute\" src=\"https:\/\/www.hoasen.edu.vn\/dbclkt\/wp-content\/uploads\/sites\/19\/2025\/02\/SV5.png\" alt=\"\">\r\n\t\t\t\t\t\t\t\t\t\t\t<\/span>\r\n\t\t\t\t\t\t\t\t\t\t<\/div>\r\n\t\t\t\t\t\t\t\t\t<\/div>\r\n\t\t\t\t\t\t\t\t\t\t\t\t\t\t\t\t\t<div class=\"swiper-slide jsCommentItem\">\r\n\t\t\t\t\t\t\t\t\t\t<div class=\"vc-feedback__item d-block\">\r\n\t\t\t\t\t\t\t\t\t\t\t<span class=\"vc-feedback__avatar position-relative d-block\">\r\n\t\t\t\t\t\t\t\t\t\t\t\t\t\t\t\t\t\t\t\t\t\t\t\t<img decoding=\"async\" class=\"position-absolute\" src=\"https:\/\/www.hoasen.edu.vn\/dbclkt\/wp-content\/uploads\/sites\/19\/2025\/02\/GVC5.png\" alt=\"\">\r\n\t\t\t\t\t\t\t\t\t\t\t<\/span>\r\n\t\t\t\t\t\t\t\t\t\t<\/div>\r\n\t\t\t\t\t\t\t\t\t<\/div>\r\n\t\t\t\t\t\t\t\t\t\t\t\t\t\t\t\t\t<div class=\"swiper-slide jsCommentItem\">\r\n\t\t\t\t\t\t\t\t\t\t<div class=\"vc-feedback__item d-block\">\r\n\t\t\t\t\t\t\t\t\t\t\t<span class=\"vc-feedback__avatar position-relative d-block\">\r\n\t\t\t\t\t\t\t\t\t\t\t\t\t\t\t\t\t\t\t\t\t\t\t\t<img decoding=\"async\" class=\"position-absolute\" src=\"https:\/\/www.hoasen.edu.vn\/dbclkt\/wp-content\/uploads\/sites\/19\/2025\/02\/SV6.png\" alt=\"\">\r\n\t\t\t\t\t\t\t\t\t\t\t<\/span>\r\n\t\t\t\t\t\t\t\t\t\t<\/div>\r\n\t\t\t\t\t\t\t\t\t<\/div>\r\n\t\t\t\t\t\t\t\t\t\t\t\t\t\t\t\t\t<div class=\"swiper-slide jsCommentItem\">\r\n\t\t\t\t\t\t\t\t\t\t<div class=\"vc-feedback__item d-block\">\r\n\t\t\t\t\t\t\t\t\t\t\t<span class=\"vc-feedback__avatar position-relative d-block\">\r\n\t\t\t\t\t\t\t\t\t\t\t\t\t\t\t\t\t\t\t\t\t\t\t\t<img decoding=\"async\" class=\"position-absolute\" src=\"https:\/\/www.hoasen.edu.vn\/dbclkt\/wp-content\/uploads\/sites\/19\/2025\/02\/GVC6.png\" alt=\"\">\r\n\t\t\t\t\t\t\t\t\t\t\t<\/span>\r\n\t\t\t\t\t\t\t\t\t\t<\/div>\r\n\t\t\t\t\t\t\t\t\t<\/div>\r\n\t\t\t\t\t\t\t\t\t\t\t\t\t\t\t\t\t<div class=\"swiper-slide jsCommentItem\">\r\n\t\t\t\t\t\t\t\t\t\t<div class=\"vc-feedback__item d-block\">\r\n\t\t\t\t\t\t\t\t\t\t\t<span class=\"vc-feedback__avatar position-relative d-block\">\r\n\t\t\t\t\t\t\t\t\t\t\t\t\t\t\t\t\t\t\t\t\t\t\t\t<img decoding=\"async\" class=\"position-absolute\" src=\"https:\/\/www.hoasen.edu.vn\/dbclkt\/wp-content\/uploads\/sites\/19\/2025\/02\/DNC5.png\" alt=\"\">\r\n\t\t\t\t\t\t\t\t\t\t\t<\/span>\r\n\t\t\t\t\t\t\t\t\t\t<\/div>\r\n\t\t\t\t\t\t\t\t\t<\/div>\r\n\t\t\t\t\t\t\t\t\t\t\t\t\t\t\t\t\t<div class=\"swiper-slide jsCommentItem\">\r\n\t\t\t\t\t\t\t\t\t\t<div class=\"vc-feedback__item d-block\">\r\n\t\t\t\t\t\t\t\t\t\t\t<span class=\"vc-feedback__avatar position-relative d-block\">\r\n\t\t\t\t\t\t\t\t\t\t\t\t\t\t\t\t\t\t\t\t\t\t\t\t<img decoding=\"async\" class=\"position-absolute\" src=\"https:\/\/www.hoasen.edu.vn\/dbclkt\/wp-content\/uploads\/sites\/19\/2025\/02\/GVC8.png\" alt=\"\">\r\n\t\t\t\t\t\t\t\t\t\t\t<\/span>\r\n\t\t\t\t\t\t\t\t\t\t<\/div>\r\n\t\t\t\t\t\t\t\t\t<\/div>\r\n\t\t\t\t\t\t\t\t\t\t\t\t\t\t\t<\/div>\r\n\t\t\t\t\t\t<\/div>\r\n\t\t\t\t\t<\/div>\r\n\t\t\t\t\t<div class=\"col-12 col-md-12 col-lg-5 col-xl-5 col-xxl-5\">\r\n\t\t\t\t\t\t<div class=\"swiper-container vc-feedback__box\" id=\"jsCommentblock_73a48a31eb3a91c08b71b655243faf2e\">\r\n\t\t\t\t\t\t\t<div class=\"swiper-wrapper\">\r\n\t\t\t\t\t\t\t\t\t\t\t\t\t\t\t\t\t<div class=\"swiper-slide\">\r\n\t\t\t\t\t\t\t\t\t\t<div class=\"vc-feedback__comment\">\r\n\t\t\t\t\t\t\t\t\t\t\t\t\t\t\t\t\t\t\t\t\t\t\t<span class=\"vc-feedback__name fw-bold d-block text-uppercase\">Gi\u1ea3ng vi\u00ean <\/span>\r\n\t\t\t\t\t\t\t\t\t\t\t\t\t\t\t\t\t\t\t\t\t\t\t\t\t\t\t\t\t\t\t\t\t\t\t\t\t\t\t\t\t\t\t\t\t<p class=\"vc-feedback__info position-relative\">Gi\u1ea3ng vi\u00ean c\u00f3 th\u1ec3 tham gia nh\u01b0 th\u1ebf n\u00e0o v\u00e0o qu\u00e1 tr\u00ecnh c\u1ea3i ti\u1ebfn ch\u01b0\u01a1ng tr\u00ecnh \u0111\u00e0o t\u1ea1o?<\/p>\r\n\t\t\t\t\t\t\t\t\t\t\t\t\t\t\t\t\t\t\t\t\t<\/div>\r\n\t\t\t\t\t\t\t\t\t<\/div>\r\n\t\t\t\t\t\t\t\t\t\t\t\t\t\t\t\t\t<div class=\"swiper-slide\">\r\n\t\t\t\t\t\t\t\t\t\t<div class=\"vc-feedback__comment\">\r\n\t\t\t\t\t\t\t\t\t\t\t\t\t\t\t\t\t\t\t\t\t\t\t<span class=\"vc-feedback__name fw-bold d-block text-uppercase\">Sinh vi\u00ean<\/span>\r\n\t\t\t\t\t\t\t\t\t\t\t\t\t\t\t\t\t\t\t\t\t\t\t\t\t\t\t\t\t\t\t\t\t\t\t\t\t\t\t\t\t\t\t\t\t<p class=\"vc-feedback__info position-relative\">Nh\u00e0 tr\u01b0\u1eddng c\u00f3 k\u00eanh h\u1ed7 tr\u1ee3 gi\u1ea3i \u0111\u00e1p th\u1eafc m\u1eafc n\u00e0o cho sinh vi\u00ean?<\/p>\r\n\t\t\t\t\t\t\t\t\t\t\t\t\t\t\t\t\t\t\t\t\t<\/div>\r\n\t\t\t\t\t\t\t\t\t<\/div>\r\n\t\t\t\t\t\t\t\t\t\t\t\t\t\t\t\t\t<div class=\"swiper-slide\">\r\n\t\t\t\t\t\t\t\t\t\t<div class=\"vc-feedback__comment\">\r\n\t\t\t\t\t\t\t\t\t\t\t\t\t\t\t\t\t\t\t\t\t\t\t<span class=\"vc-feedback__name fw-bold d-block text-uppercase\">Gi\u1ea3ng vi\u00ean<\/span>\r\n\t\t\t\t\t\t\t\t\t\t\t\t\t\t\t\t\t\t\t\t\t\t\t\t\t\t\t\t\t\t\t\t\t\t\t\t\t\t\t\t\t\t\t\t\t<p class=\"vc-feedback__info position-relative\">Nh\u00e0 tr\u01b0\u1eddng c\u00f3 c\u00e1c ch\u00ednh s\u00e1ch h\u1ed7 tr\u1ee3 nh\u01b0 th\u1ebf n\u00e0o \u0111\u1ec3 th\u00fac \u0111\u1ea9y vi\u1ec7c h\u1ecdc t\u1eadp v\u00e0 b\u1ed3i d\u01b0\u1ee1ng \u0111\u1ec3 ph\u00e1t tri\u1ec3n chuy\u00ean m\u00f4n c\u1ee7a gi\u1ea3ng vi\u00ean?<\/p>\r\n\t\t\t\t\t\t\t\t\t\t\t\t\t\t\t\t\t\t\t\t\t<\/div>\r\n\t\t\t\t\t\t\t\t\t<\/div>\r\n\t\t\t\t\t\t\t\t\t\t\t\t\t\t\t\t\t<div class=\"swiper-slide\">\r\n\t\t\t\t\t\t\t\t\t\t<div class=\"vc-feedback__comment\">\r\n\t\t\t\t\t\t\t\t\t\t\t\t\t\t\t\t\t\t\t\t\t\t\t<span class=\"vc-feedback__name fw-bold d-block text-uppercase\">Doanh nghi\u1ec7p<\/span>\r\n\t\t\t\t\t\t\t\t\t\t\t\t\t\t\t\t\t\t\t\t\t\t\t\t\t\t\t\t\t\t\t\t\t\t\t\t\t\t\t\t\t\t\t\t\t<p class=\"vc-feedback__info position-relative\">Nh\u00e0 tr\u01b0\u1eddng c\u00f3 k\u1ebf ho\u1ea1ch n\u00e0o \u0111\u1ec3 t\u0103ng c\u01b0\u1eddng k\u0129 n\u0103ng m\u1ec1m cho sinh vi\u00ean?<\/p>\r\n\t\t\t\t\t\t\t\t\t\t\t\t\t\t\t\t\t\t\t\t\t<\/div>\r\n\t\t\t\t\t\t\t\t\t<\/div>\r\n\t\t\t\t\t\t\t\t\t\t\t\t\t\t\t\t\t<div class=\"swiper-slide\">\r\n\t\t\t\t\t\t\t\t\t\t<div class=\"vc-feedback__comment\">\r\n\t\t\t\t\t\t\t\t\t\t\t\t\t\t\t\t\t\t\t\t\t\t\t<span class=\"vc-feedback__name fw-bold d-block text-uppercase\">Sinh vi\u00ean<\/span>\r\n\t\t\t\t\t\t\t\t\t\t\t\t\t\t\t\t\t\t\t\t\t\t\t\t\t\t\t\t\t\t\t\t\t\t\t\t\t\t\t\t\t\t\t\t\t<p class=\"vc-feedback__info position-relative\">Nh\u00e0 tr\u01b0\u1eddng c\u00f3 k\u1ebf ho\u1ea1ch g\u00ec \u0111\u1ec3 n\u00e2ng cao ch\u1ea5t l\u01b0\u1ee3ng gi\u1ea3ng d\u1ea1y ti\u1ebfng Anh?<\/p>\r\n\t\t\t\t\t\t\t\t\t\t\t\t\t\t\t\t\t\t\t\t\t<\/div>\r\n\t\t\t\t\t\t\t\t\t<\/div>\r\n\t\t\t\t\t\t\t\t\t\t\t\t\t\t\t\t\t<div class=\"swiper-slide\">\r\n\t\t\t\t\t\t\t\t\t\t<div class=\"vc-feedback__comment\">\r\n\t\t\t\t\t\t\t\t\t\t\t\t\t\t\t\t\t\t\t\t\t\t\t<span class=\"vc-feedback__name fw-bold d-block text-uppercase\">Gi\u1ea3ng vi\u00ean<\/span>\r\n\t\t\t\t\t\t\t\t\t\t\t\t\t\t\t\t\t\t\t\t\t\t\t\t\t\t\t\t\t\t\t\t\t\t\t\t\t\t\t\t\t\t\t\t\t<p class=\"vc-feedback__info position-relative\">Tr\u01b0\u1eddng c\u00f3 nh\u1eefng ph\u01b0\u01a1ng ph\u00e1p n\u00e0o gi\u00fap \u0111\u00e1nh gi\u00e1 ch\u00ednh x\u00e1c n\u0103ng l\u1ef1c v\u00e0 hi\u1ec7u qu\u1ea3 gi\u1ea3ng d\u1ea1y c\u1ee7a gi\u1ea3ng vi\u00ean?<\/p>\r\n\t\t\t\t\t\t\t\t\t\t\t\t\t\t\t\t\t\t\t\t\t<\/div>\r\n\t\t\t\t\t\t\t\t\t<\/div>\r\n\t\t\t\t\t\t\t\t\t\t\t\t\t\t\t\t\t<div class=\"swiper-slide\">\r\n\t\t\t\t\t\t\t\t\t\t<div class=\"vc-feedback__comment\">\r\n\t\t\t\t\t\t\t\t\t\t\t\t\t\t\t\t\t\t\t\t\t\t\t<span class=\"vc-feedback__name fw-bold d-block text-uppercase\">Doanh nghi\u1ec7p<\/span>\r\n\t\t\t\t\t\t\t\t\t\t\t\t\t\t\t\t\t\t\t\t\t\t\t\t\t\t\t\t\t\t\t\t\t\t\t\t\t\t\t\t\t\t\t\t\t<p class=\"vc-feedback__info position-relative\">Nh\u00e0 tr\u01b0\u1eddng \u0111\u1ecbnh h\u01b0\u1edbng ngh\u1ec1 nghi\u1ec7p cho sinh vi\u00ean nh\u01b0 th\u1ebf n\u00e0o \u0111\u1ec3 sinh vi\u00ean sau khi t\u1ed1t nghi\u1ec7p c\u00f3 th\u1ec3 tham gia ngay v\u00e0o th\u1ecb tr\u01b0\u1eddng lao \u0111\u1ed9ng?<\/p>\r\n\t\t\t\t\t\t\t\t\t\t\t\t\t\t\t\t\t\t\t\t\t<\/div>\r\n\t\t\t\t\t\t\t\t\t<\/div>\r\n\t\t\t\t\t\t\t\t\t\t\t\t\t\t\t\t\t<div class=\"swiper-slide\">\r\n\t\t\t\t\t\t\t\t\t\t<div class=\"vc-feedback__comment\">\r\n\t\t\t\t\t\t\t\t\t\t\t\t\t\t\t\t\t\t\t\t\t\t\t<span class=\"vc-feedback__name fw-bold d-block text-uppercase\">Sinh vi\u00ean<\/span>\r\n\t\t\t\t\t\t\t\t\t\t\t\t\t\t\t\t\t\t\t\t\t\t\t\t\t\t\t\t\t\t\t\t\t\t\t\t\t\t\t\t\t\t\t\t\t<p class=\"vc-feedback__info position-relative\">Nh\u00e0 tr\u01b0\u1eddng c\u00f3 nh\u1eefng ph\u01b0\u01a1ng th\u1ee9c \u0111\u00f3ng h\u1ecdc ph\u00ed n\u00e0o? Sinh vi\u00ean c\u00f3 th\u1ec3 thanh to\u00e1n online kh\u00f4ng?<\/p>\r\n\t\t\t\t\t\t\t\t\t\t\t\t\t\t\t\t\t\t\t\t\t<\/div>\r\n\t\t\t\t\t\t\t\t\t<\/div>\r\n\t\t\t\t\t\t\t\t\t\t\t\t\t\t\t\t\t<div class=\"swiper-slide\">\r\n\t\t\t\t\t\t\t\t\t\t<div class=\"vc-feedback__comment\">\r\n\t\t\t\t\t\t\t\t\t\t\t\t\t\t\t\t\t\t\t\t\t\t\t<span class=\"vc-feedback__name fw-bold d-block text-uppercase\">Gi\u1ea3ng vi\u00ean<\/span>\r\n\t\t\t\t\t\t\t\t\t\t\t\t\t\t\t\t\t\t\t\t\t\t\t\t\t\t\t\t\t\t\t\t\t\t\t\t\t\t\t\t\t\t\t\t\t<p class=\"vc-feedback__info position-relative\">Nh\u00e0 tr\u01b0\u1eddng c\u00f3 th\u1ec3 l\u00e0m g\u00ec \u0111\u1ec3 h\u1ed7 tr\u1ee3 gi\u1ea3ng vi\u00ean hi\u1ec7u qu\u1ea3 h\u01a1n trong vai tr\u00f2 C\u1ed1 v\u1ea5n h\u1ecdc t\u1eadp?<\/p>\r\n\t\t\t\t\t\t\t\t\t\t\t\t\t\t\t\t\t\t\t\t\t<\/div>\r\n\t\t\t\t\t\t\t\t\t<\/div>\r\n\t\t\t\t\t\t\t\t\t\t\t\t\t\t\t\t\t<div class=\"swiper-slide\">\r\n\t\t\t\t\t\t\t\t\t\t<div class=\"vc-feedback__comment\">\r\n\t\t\t\t\t\t\t\t\t\t\t\t\t\t\t\t\t\t\t\t\t\t\t<span class=\"vc-feedback__name fw-bold d-block text-uppercase\">Doanh nghi\u1ec7p<\/span>\r\n\t\t\t\t\t\t\t\t\t\t\t\t\t\t\t\t\t\t\t\t\t\t\t\t\t\t\t\t\t\t\t\t\t\t\t\t\t\t\t\t\t\t\t\t\t<p class=\"vc-feedback__info position-relative\">Nh\u1eefng ch\u01b0\u01a1ng tr\u00ecnh li\u00ean k\u1ebft n\u00e0o gi\u1eefa nh\u00e0 tr\u01b0\u1eddng v\u00e0 doanh nghi\u1ec7p c\u00f3 th\u1ec3 \u0111\u01b0\u1ee3c m\u1edf r\u1ed9ng ho\u1eb7c ph\u00e1t tri\u1ec3n \u0111\u1ec3 mang l\u1ea1i l\u1ee3i \u00edch chung?<\/p>\r\n\t\t\t\t\t\t\t\t\t\t\t\t\t\t\t\t\t\t\t\t\t<\/div>\r\n\t\t\t\t\t\t\t\t\t<\/div>\r\n\t\t\t\t\t\t\t\t\t\t\t\t\t\t\t\t\t<div class=\"swiper-slide\">\r\n\t\t\t\t\t\t\t\t\t\t<div class=\"vc-feedback__comment\">\r\n\t\t\t\t\t\t\t\t\t\t\t\t\t\t\t\t\t\t\t\t\t\t\t<span class=\"vc-feedback__name fw-bold d-block text-uppercase\">Sinh vi\u00ean<\/span>\r\n\t\t\t\t\t\t\t\t\t\t\t\t\t\t\t\t\t\t\t\t\t\t\t\t\t\t\t\t\t\t\t\t\t\t\t\t\t\t\t\t\t\t\t\t\t<p class=\"vc-feedback__info position-relative\">Nh\u00e0 tr\u01b0\u1eddng c\u00f3 k\u1ebf ho\u1ea1ch c\u1ea3i thi\u1ec7n c\u01a1 s\u1edf v\u1eadt ch\u1ea5t v\u00e0 trang thi\u1ebft b\u1ecb ph\u00f2ng h\u1ecdc kh\u00f4ng?<\/p>\r\n\t\t\t\t\t\t\t\t\t\t\t\t\t\t\t\t\t\t\t\t\t<\/div>\r\n\t\t\t\t\t\t\t\t\t<\/div>\r\n\t\t\t\t\t\t\t\t\t\t\t\t\t\t\t\t\t<div class=\"swiper-slide\">\r\n\t\t\t\t\t\t\t\t\t\t<div class=\"vc-feedback__comment\">\r\n\t\t\t\t\t\t\t\t\t\t\t\t\t\t\t\t\t\t\t\t\t\t\t<span class=\"vc-feedback__name fw-bold d-block text-uppercase\">Gi\u1ea3ng vi\u00ean <\/span>\r\n\t\t\t\t\t\t\t\t\t\t\t\t\t\t\t\t\t\t\t\t\t\t\t\t\t\t\t\t\t\t\t\t\t\t\t\t\t\t\t\t\t\t\t\t\t<p class=\"vc-feedback__info position-relative\">Nh\u00e0 tr\u01b0\u1eddng c\u00f3 th\u1ec3 c\u1ea3i thi\u1ec7n truy\u1ec1n th\u00f4ng n\u1ed9i b\u1ed9 nh\u01b0 th\u1ebf n\u00e0o \u0111\u1ec3 \u0111\u1ea3m b\u1ea3o th\u00f4ng tin quan tr\u1ecdng \u0111\u01b0\u1ee3c truy\u1ec1n \u0111\u1ea1t \u0111\u1ea7y \u0111\u1ee7 v\u00e0 k\u1ecbp th\u1eddi \u0111\u1ebfn gi\u1ea3ng vi\u00ean?<\/p>\r\n\t\t\t\t\t\t\t\t\t\t\t\t\t\t\t\t\t\t\t\t\t<\/div>\r\n\t\t\t\t\t\t\t\t\t<\/div>\r\n\t\t\t\t\t\t\t\t\t\t\t\t\t\t\t\t\t<div class=\"swiper-slide\">\r\n\t\t\t\t\t\t\t\t\t\t<div class=\"vc-feedback__comment\">\r\n\t\t\t\t\t\t\t\t\t\t\t\t\t\t\t\t\t\t\t\t\t\t\t<span class=\"vc-feedback__name fw-bold d-block text-uppercase\">Doanh nghi\u1ec7p<\/span>\r\n\t\t\t\t\t\t\t\t\t\t\t\t\t\t\t\t\t\t\t\t\t\t\t\t\t\t\t\t\t\t\t\t\t\t\t\t\t\t\t\t\t\t\t\t\t<p class=\"vc-feedback__info position-relative\">Nh\u00e0 tr\u01b0\u1eddng c\u00f3 th\u1ec3 x\u00e2y d\u1ef1ng c\u01a1 ch\u1ebf n\u00e0o \u0111\u1ec3 k\u1ebft n\u1ed1i hi\u1ec7u qu\u1ea3 h\u01a1n gi\u1eefa sinh vi\u00ean v\u00e0 doanh nghi\u1ec7p?<\/p>\r\n\t\t\t\t\t\t\t\t\t\t\t\t\t\t\t\t\t\t\t\t\t<\/div>\r\n\t\t\t\t\t\t\t\t\t<\/div>\r\n\t\t\t\t\t\t\t\t\t\t\t\t\t\t\t\t\t<div class=\"swiper-slide\">\r\n\t\t\t\t\t\t\t\t\t\t<div class=\"vc-feedback__comment\">\r\n\t\t\t\t\t\t\t\t\t\t\t\t\t\t\t\t\t\t\t\t\t\t\t<span class=\"vc-feedback__name fw-bold d-block text-uppercase\">Sinh vi\u00ean<\/span>\r\n\t\t\t\t\t\t\t\t\t\t\t\t\t\t\t\t\t\t\t\t\t\t\t\t\t\t\t\t\t\t\t\t\t\t\t\t\t\t\t\t\t\t\t\t\t<p class=\"vc-feedback__info position-relative\">Nh\u00e0 tr\u01b0\u1eddng c\u00f3 k\u1ebf ho\u1ea1ch m\u1edf r\u1ed9ng kh\u00f4ng gian th\u01b0 vi\u1ec7n kh\u00f4ng?<\/p>\r\n\t\t\t\t\t\t\t\t\t\t\t\t\t\t\t\t\t\t\t\t\t<\/div>\r\n\t\t\t\t\t\t\t\t\t<\/div>\r\n\t\t\t\t\t\t\t\t\t\t\t\t\t\t\t\t\t<div class=\"swiper-slide\">\r\n\t\t\t\t\t\t\t\t\t\t<div class=\"vc-feedback__comment\">\r\n\t\t\t\t\t\t\t\t\t\t\t\t\t\t\t\t\t\t\t\t\t\t\t<span class=\"vc-feedback__name fw-bold d-block text-uppercase\">Gi\u1ea3ng vi\u00ean<\/span>\r\n\t\t\t\t\t\t\t\t\t\t\t\t\t\t\t\t\t\t\t\t\t\t\t\t\t\t\t\t\t\t\t\t\t\t\t\t\t\t\t\t\t\t\t\t\t<p class=\"vc-feedback__info position-relative\">Nh\u1eefng gi\u1ea3i ph\u00e1p n\u00e0o c\u00f3 th\u1ec3 gi\u00fap n\u00e2ng cao ch\u1ea5t l\u01b0\u1ee3ng v\u00e0 kh\u1ea3 n\u0103ng ti\u1ebfp c\u1eadn d\u1ecbch v\u1ee5 th\u01b0 vi\u1ec7n, s\u00e1ch, t\u00e0i li\u1ec7u tham kh\u1ea3o cho gi\u1ea3ng vi\u00ean v\u00e0 sinh vi\u00ean?<\/p>\r\n\t\t\t\t\t\t\t\t\t\t\t\t\t\t\t\t\t\t\t\t\t<\/div>\r\n\t\t\t\t\t\t\t\t\t<\/div>\r\n\t\t\t\t\t\t\t\t\t\t\t\t\t\t\t\t\t<div class=\"swiper-slide\">\r\n\t\t\t\t\t\t\t\t\t\t<div class=\"vc-feedback__comment\">\r\n\t\t\t\t\t\t\t\t\t\t\t\t\t\t\t\t\t\t\t\t\t\t\t<span class=\"vc-feedback__name fw-bold d-block text-uppercase\">Sinh vi\u00ean<\/span>\r\n\t\t\t\t\t\t\t\t\t\t\t\t\t\t\t\t\t\t\t\t\t\t\t\t\t\t\t\t\t\t\t\t\t\t\t\t\t\t\t\t\t\t\t\t\t<p class=\"vc-feedback__info position-relative\">C\u00e1c c\u01a1 s\u1edf h\u1ecdc c\u1ee7a tr\u01b0\u1eddng c\u00e1ch xa nhau, vi\u1ec7c di chuy\u1ec3n r\u1ea5t kh\u00f3 kh\u0103n. Nh\u00e0 tr\u01b0\u1eddng c\u00f3 gi\u1ea3i ph\u00e1p g\u00ec \u0111\u1ec3 h\u1ed7 tr\u1ee3 sinh vi\u00ean kh\u00f4ng? <\/p>\r\n\t\t\t\t\t\t\t\t\t\t\t\t\t\t\t\t\t\t\t\t\t<\/div>\r\n\t\t\t\t\t\t\t\t\t<\/div>\r\n\t\t\t\t\t\t\t\t\t\t\t\t\t\t\t\t\t<div class=\"swiper-slide\">\r\n\t\t\t\t\t\t\t\t\t\t<div class=\"vc-feedback__comment\">\r\n\t\t\t\t\t\t\t\t\t\t\t\t\t\t\t\t\t\t\t\t\t\t\t<span class=\"vc-feedback__name fw-bold d-block text-uppercase\">Gi\u1ea3ng vi\u00ean<\/span>\r\n\t\t\t\t\t\t\t\t\t\t\t\t\t\t\t\t\t\t\t\t\t\t\t\t\t\t\t\t\t\t\t\t\t\t\t\t\t\t\t\t\t\t\t\t\t<p class=\"vc-feedback__info position-relative\">Nh\u00e0 tr\u01b0\u1eddng c\u00f3 th\u1ec3 h\u1ed7 tr\u1ee3 gi\u1ea3ng vi\u00ean nh\u01b0 th\u1ebf n\u00e0o trong vi\u1ec7c ti\u1ebfp c\u1eadn v\u00e0 \u1ee9ng d\u1ee5ng c\u00e1c ph\u01b0\u01a1ng ph\u00e1p gi\u1ea3ng d\u1ea1y \u0111\u1ed5i m\u1edbi?<\/p>\r\n\t\t\t\t\t\t\t\t\t\t\t\t\t\t\t\t\t\t\t\t\t<\/div>\r\n\t\t\t\t\t\t\t\t\t<\/div>\r\n\t\t\t\t\t\t\t\t\t\t\t\t\t\t\t\t\t<div class=\"swiper-slide\">\r\n\t\t\t\t\t\t\t\t\t\t<div class=\"vc-feedback__comment\">\r\n\t\t\t\t\t\t\t\t\t\t\t\t\t\t\t\t\t\t\t\t\t\t\t<span class=\"vc-feedback__name fw-bold d-block text-uppercase\">Doanh nghi\u1ec7p<\/span>\r\n\t\t\t\t\t\t\t\t\t\t\t\t\t\t\t\t\t\t\t\t\t\t\t\t\t\t\t\t\t\t\t\t\t\t\t\t\t\t\t\t\t\t\t\t\t<p class=\"vc-feedback__info position-relative\">Nh\u00e0 tr\u01b0\u1eddng c\u00f3 th\u1ec3 h\u1ed7 tr\u1ee3 doanh nghi\u1ec7p trong qu\u00e1 tr\u00ecnh tuy\u1ec3n d\u1ee5ng sinh vi\u00ean nh\u01b0 th\u1ebf n\u00e0o \u0111\u1ec3 \u0111\u1ea3m b\u1ea3o s\u1ef1 ph\u00f9 h\u1ee3p gi\u1eefa nhu c\u1ea7u doanh nghi\u1ec7p v\u00e0 n\u0103ng l\u1ef1c c\u1ee7a sinh vi\u00ean?<\/p>\r\n\t\t\t\t\t\t\t\t\t\t\t\t\t\t\t\t\t\t\t\t\t<\/div>\r\n\t\t\t\t\t\t\t\t\t<\/div>\r\n\t\t\t\t\t\t\t\t\t\t\t\t\t\t\t\t\t<div class=\"swiper-slide\">\r\n\t\t\t\t\t\t\t\t\t\t<div class=\"vc-feedback__comment\">\r\n\t\t\t\t\t\t\t\t\t\t\t\t\t\t\t\t\t\t\t\t\t\t\t<span class=\"vc-feedback__name fw-bold d-block text-uppercase\">Gi\u1ea3ng vi\u00ean <\/span>\r\n\t\t\t\t\t\t\t\t\t\t\t\t\t\t\t\t\t\t\t\t\t\t\t\t\t\t\t\t\t\t\t\t\t\t\t\t\t\t\t\t\t\t\t\t\t<p class=\"vc-feedback__info position-relative\">Nh\u00e0 tr\u01b0\u1eddng c\u00f3 th\u1ec3 l\u00e0m g\u00ec \u0111\u1ec3 h\u1ed7 tr\u1ee3 gi\u1ea3ng vi\u00ean t\u0103ng c\u01b0\u1eddng k\u1ebft n\u1ed1i v\u1edbi doanh nghi\u1ec7p, gi\u00fap n\u00e2ng cao ch\u1ea5t l\u01b0\u1ee3ng gi\u1ea3ng d\u1ea1y v\u00e0 g\u1eafn k\u1ebft th\u1ef1c ti\u1ec5n v\u00e0o ch\u01b0\u01a1ng tr\u00ecnh h\u1ecdc?<\/p>\r\n\t\t\t\t\t\t\t\t\t\t\t\t\t\t\t\t\t\t\t\t\t<\/div>\r\n\t\t\t\t\t\t\t\t\t<\/div>\r\n\t\t\t\t\t\t\t\t\t\t\t\t\t\t\t<\/div>\r\n\t\t\t\t\t\t\t<div class=\"swiper-button-next jsNext\">\r\n\t\t\t\t\t\t\t\t<svg class=\"vc-icon\"><use xlink:href=\"https:\/\/www.hoasen.edu.vn\/dbclkt\/wp-content\/themes\/ru-hsu\/assets\/img\/icons.svg#i-arrow-right\" \/><\/svg>\r\n\t\t\t\t\t\t\t<\/div>\r\n\t\t\t\t\t\t\t<div class=\"swiper-button-prev jsPrev\">\r\n\t\t\t\t\t\t\t\t<svg class=\"vc-icon\"><use xlink:href=\"https:\/\/www.hoasen.edu.vn\/dbclkt\/wp-content\/themes\/ru-hsu\/assets\/img\/icons.svg#i-arrow-left\" \/><\/svg>\r\n\t\t\t\t\t\t\t<\/div>\r\n\t\t\t\t\t\t<\/div>\r\n\t\t\t\t\t<\/div>\r\n\t\t\t\t<\/div>\r\n\t\t\t\t\t<\/div>\r\n\t<\/div>\r\n","protected":false},"excerpt":{"rendered":"","protected":false},"author":5427,"featured_media":0,"parent":0,"menu_order":0,"comment_status":"closed","ping_status":"closed","template":"","meta":{"footnotes":""},"class_list":["post-3274","page","type-page","status-publish","hentry"],"acf":[],"_links":{"self":[{"href":"https:\/\/www.hoasen.edu.vn\/dbclkt\/wp-json\/wp\/v2\/pages\/3274","targetHints":{"allow":["GET"]}}],"collection":[{"href":"https:\/\/www.hoasen.edu.vn\/dbclkt\/wp-json\/wp\/v2\/pages"}],"about":[{"href":"https:\/\/www.hoasen.edu.vn\/dbclkt\/wp-json\/wp\/v2\/types\/page"}],"author":[{"embeddable":true,"href":"https:\/\/www.hoasen.edu.vn\/dbclkt\/wp-json\/wp\/v2\/users\/5427"}],"replies":[{"embeddable":true,"href":"https:\/\/www.hoasen.edu.vn\/dbclkt\/wp-json\/wp\/v2\/comments?post=3274"}],"version-history":[{"count":44,"href":"https:\/\/www.hoasen.edu.vn\/dbclkt\/wp-json\/wp\/v2\/pages\/3274\/revisions"}],"predecessor-version":[{"id":4194,"href":"https:\/\/www.hoasen.edu.vn\/dbclkt\/wp-json\/wp\/v2\/pages\/3274\/revisions\/4194"}],"wp:attachment":[{"href":"https:\/\/www.hoasen.edu.vn\/dbclkt\/wp-json\/wp\/v2\/media?parent=3274"}],"curies":[{"name":"wp","href":"https:\/\/api.w.org\/{rel}","templated":true}]}}