{"id":205,"date":"2021-12-02T12:29:37","date_gmt":"2021-12-02T05:29:37","guid":{"rendered":"https:\/\/hoasen.edu.vn\/dbclkt\/?page_id=205"},"modified":"2025-09-30T09:03:50","modified_gmt":"2025-09-30T02:03:50","slug":"co-cau-to-chuc","status":"publish","type":"page","link":"https:\/\/www.hoasen.edu.vn\/dbclkt\/vi\/gioi-thieu\/co-cau-to-chuc\/","title":{"rendered":"C\u01a1 c\u1ea5u t\u1ed5 ch\u1ee9c"},"content":{"rendered":"\n<p><strong>1. S\u01a1 \u0111\u1ed3 t\u1ed5 ch\u1ee9c<\/strong><\/p>\n\n\n\n<figure class=\"wp-block-image size-full is-resized\"><img loading=\"lazy\" decoding=\"async\" width=\"1260\" height=\"492\" src=\"https:\/\/www.hoasen.edu.vn\/dbclkt\/wp-content\/uploads\/sites\/19\/2024\/01\/So-do-to-chuc-VN.png\" alt=\"\" class=\"wp-image-1717\" style=\"width:671px;height:auto\" srcset=\"https:\/\/www.hoasen.edu.vn\/dbclkt\/wp-content\/uploads\/sites\/19\/2024\/01\/So-do-to-chuc-VN.png 1260w, https:\/\/www.hoasen.edu.vn\/dbclkt\/wp-content\/uploads\/sites\/19\/2024\/01\/So-do-to-chuc-VN-300x117.png 300w, https:\/\/www.hoasen.edu.vn\/dbclkt\/wp-content\/uploads\/sites\/19\/2024\/01\/So-do-to-chuc-VN-768x300.png 768w\" sizes=\"auto, (max-width: 1260px) 100vw, 1260px\" \/><\/figure>\n\n\n\n<p><strong>2.&nbsp;C\u01a1 c\u1ea5u nh\u00e2n s\u1ef1<\/strong><\/p>\n\n\n\n<ul class=\"wp-block-list\">\n<li>01 Tr\u01b0\u1edfng Ph\u00f2ng ch\u1ecbu tr\u00e1ch nhi\u1ec7m ph\u1ee5 tr\u00e1ch chung.<\/li>\n\n\n\n<li>01 Ph\u00f3 Tr\u01b0\u1edfng Ph\u00f2ng ph\u1ee5 tr\u00e1ch c\u00f4ng t\u00e1c \u0110\u1ea3m b\u1ea3o ch\u1ea5t l\u01b0\u1ee3ng (\u0110BCL) v\u00e0 01 Ph\u00f3 Tr\u01b0\u1edfng Ph\u00f2ng ph\u1ee5 tr\u00e1ch c\u00f4ng t\u00e1c Qu\u1ea3n l\u00fd Ch\u01b0\u01a1ng tr\u00ecnh \u0111\u00e0o t\u1ea1o (CT\u0110T).<\/li>\n\n\n\n<li>C\u00e1c chuy\u00ean vi\u00ean v\u00e0 nh\u00e2n vi\u00ean ph\u1ee5 tr\u00e1ch c\u00f4ng t\u00e1c \u0111\u1ea3m b\u1ea3o ch\u1ea5t l\u01b0\u1ee3ng; c\u00f4ng t\u00e1c r\u00e0 so\u00e1t, c\u1eadp nh\u1eadt, c\u1ea3i ti\u1ebfn ch\u01b0\u01a1ng tr\u00ecnh \u0111\u00e0o t\u1ea1o; c\u00f4ng t\u00e1c kh\u1ea3o th\u00ed v\u00e0 th\u1ef1c hi\u1ec7n c\u00e1c c\u00f4ng vi\u1ec7c h\u00e0nh ch\u00ednh.<\/li>\n<\/ul>\n","protected":false},"excerpt":{"rendered":"<p>1. S\u01a1 \u0111\u1ed3 t\u1ed5 ch\u1ee9c 2.&nbsp;C\u01a1 c\u1ea5u nh\u00e2n s\u1ef1<\/p>\n","protected":false},"author":1,"featured_media":1136,"parent":198,"menu_order":2,"comment_status":"closed","ping_status":"closed","template":"","meta":{"footnotes":""},"class_list":["post-205","page","type-page","status-publish","has-post-thumbnail","hentry"],"acf":[],"_links":{"self":[{"href":"https:\/\/www.hoasen.edu.vn\/dbclkt\/wp-json\/wp\/v2\/pages\/205","targetHints":{"allow":["GET"]}}],"collection":[{"href":"https:\/\/www.hoasen.edu.vn\/dbclkt\/wp-json\/wp\/v2\/pages"}],"about":[{"href":"https:\/\/www.hoasen.edu.vn\/dbclkt\/wp-json\/wp\/v2\/types\/page"}],"author":[{"embeddable":true,"href":"https:\/\/www.hoasen.edu.vn\/dbclkt\/wp-json\/wp\/v2\/users\/1"}],"replies":[{"embeddable":true,"href":"https:\/\/www.hoasen.edu.vn\/dbclkt\/wp-json\/wp\/v2\/comments?post=205"}],"version-history":[{"count":12,"href":"https:\/\/www.hoasen.edu.vn\/dbclkt\/wp-json\/wp\/v2\/pages\/205\/revisions"}],"predecessor-version":[{"id":4208,"href":"https:\/\/www.hoasen.edu.vn\/dbclkt\/wp-json\/wp\/v2\/pages\/205\/revisions\/4208"}],"up":[{"embeddable":true,"href":"https:\/\/www.hoasen.edu.vn\/dbclkt\/wp-json\/wp\/v2\/pages\/198"}],"wp:featuredmedia":[{"embeddable":true,"href":"https:\/\/www.hoasen.edu.vn\/dbclkt\/wp-json\/wp\/v2\/media\/1136"}],"wp:attachment":[{"href":"https:\/\/www.hoasen.edu.vn\/dbclkt\/wp-json\/wp\/v2\/media?parent=205"}],"curies":[{"name":"wp","href":"https:\/\/api.w.org\/{rel}","templated":true}]}}