{"id":6348,"date":"2025-09-23T13:08:48","date_gmt":"2025-09-23T06:08:48","guid":{"rendered":"https:\/\/www.hoasen.edu.vn\/cntt\/?page_id=6348"},"modified":"2025-09-26T09:30:01","modified_gmt":"2025-09-26T02:30:01","slug":"overview","status":"publish","type":"page","link":"https:\/\/www.hoasen.edu.vn\/cntt\/en\/introduction\/overview\/","title":{"rendered":"Overview"},"content":{"rendered":"\n<div class=\"wp-block-group block-facuty\"><div class=\"wp-block-group__inner-container is-layout-constrained wp-block-group-is-layout-constrained\">\n<h2 class=\"wp-block-heading has-text-align-center fy-title-hide fy-custom-title\"><strong>Welcome to<\/strong><\/h2>\n\n\n\n<h2 class=\"wp-block-heading has-text-align-center fy-custom-title\"><strong><strong><strong>Faculty of Technology<\/strong><\/strong><\/strong><\/h2>\n<\/div><\/div>\n\n\n\n<div style=\"height:20px\" aria-hidden=\"true\" class=\"wp-block-spacer\"><\/div>\n\n\n\n<div class=\"wp-block-columns block-facuty is-layout-flex wp-container-core-columns-is-layout-9d6595d7 wp-block-columns-is-layout-flex\">\n<div class=\"wp-block-column is-layout-flow wp-block-column-is-layout-flow\" style=\"flex-basis:70px\"><\/div>\n\n\n\n<div class=\"wp-block-column is-layout-flow wp-block-column-is-layout-flow\">\n<figure class=\"wp-block-image size-full\"><img loading=\"lazy\" decoding=\"async\" width=\"3662\" height=\"1876\" src=\"https:\/\/www.hoasen.edu.vn\/cntt\/wp-content\/uploads\/sites\/18\/2025\/08\/MAX1715.jpg\" alt=\"\" class=\"wp-image-6130\"\/><\/figure>\n\n\n\n<div style=\"height:10px\" aria-hidden=\"true\" class=\"wp-block-spacer\"><\/div>\n\n\n\n<p style=\"font-size:18px\">In a world undergoing a strong transformation under the impact of digital technology, information technology <strong>has become the core infrastructure promoting development in all fields<\/strong>, from economics, production, healthcare, and education to media, entertainment, and daily life. With over 30 years of training experience, <strong>Faculty of Technology &#8211; Hoa Sen University<\/strong> affirms its position as a leading training unit in <strong>Technology<\/strong>, educating a generation of engineers with solid professional competence, creative thinking, and flexible adaptation to global changes.<\/p>\n\n\n\n<div style=\"height:10px\" aria-hidden=\"true\" class=\"wp-block-spacer\"><\/div>\n\n\n\n<figure class=\"wp-block-image size-full\"><img loading=\"lazy\" decoding=\"async\" width=\"3379\" height=\"1901\" src=\"https:\/\/www.hoasen.edu.vn\/cntt\/wp-content\/uploads\/sites\/18\/2025\/08\/MAX1522.jpg\" alt=\"\" class=\"wp-image-6132\"\/><\/figure>\n\n\n\n<div style=\"height:10px\" aria-hidden=\"true\" class=\"wp-block-spacer\"><\/div>\n\n\n\n<p>The training model at the Faculty of Information Technology is built on a modern educational philosophy, referencing leading universities worldwide and closely following the practical needs of businesses. Currently, the Faculty offers 3 majors:<\/p>\n\n\n\n<ul class=\"wp-block-list\">\n<li>Information Technology;<\/li>\n\n\n\n<li>Software Engineering;<\/li>\n\n\n\n<li>Artificial Intelligence.<\/li>\n<\/ul>\n\n\n\n<div style=\"height:10px\" aria-hidden=\"true\" class=\"wp-block-spacer\"><\/div>\n\n\n\n<figure class=\"wp-block-image size-full\"><img loading=\"lazy\" decoding=\"async\" width=\"3365\" height=\"2236\" src=\"https:\/\/www.hoasen.edu.vn\/cntt\/wp-content\/uploads\/sites\/18\/2025\/07\/Google-Solution-Challenge-2022.jpg\" alt=\"\" class=\"wp-image-5969\"\/><\/figure>\n\n\n\n<div style=\"height:10px\" aria-hidden=\"true\" class=\"wp-block-spacer\"><\/div>\n\n\n\n<p style=\"font-size:18px\">Notably, the training program meets <strong>AUN-QA<\/strong> (an assurance organization of the ASEAN University Network), <strong>integrating trending technology knowledge<\/strong> such as Artificial Intelligence (AI), Big Data, Cloud Computing, Internet of Things (IoT), Blockchain, Cybersecurity, etc.<\/p>\n\n\n\n<div style=\"height:10px\" aria-hidden=\"true\" class=\"wp-block-spacer\"><\/div>\n\n\n\n<figure class=\"wp-block-image size-full\"><img loading=\"lazy\" decoding=\"async\" width=\"2048\" height=\"1365\" src=\"https:\/\/www.hoasen.edu.vn\/cntt\/wp-content\/uploads\/sites\/18\/2025\/07\/Innovation-Tech-Challenge-2023.jpg\" alt=\"\" class=\"wp-image-5968\"\/><\/figure>\n\n\n\n<div style=\"height:10px\" aria-hidden=\"true\" class=\"wp-block-spacer\"><\/div>\n\n\n\n<p style=\"font-size:18px\">Students will learn through the <strong>Project-based learning<\/strong> method throughout the course, participate in <strong>technology competitions<\/strong> organized by the Faculty such as HSU Programming Challenge, HSU TechDev Challenge, or join external competitions to access the <strong>latest technology<\/strong>, <strong>hone problem-solving skills<\/strong>, and <strong>develop logical thinking<\/strong> and <strong>teamwork<\/strong>. These are important factors that help young people confidently enter the real working environment.<\/p>\n\n\n\n<div style=\"height:10px\" aria-hidden=\"true\" class=\"wp-block-spacer\"><\/div>\n\n\n\n<div class=\"wp-block-columns is-layout-flex wp-container-core-columns-is-layout-9d6595d7 wp-block-columns-is-layout-flex\">\n<div class=\"wp-block-column is-layout-flow wp-block-column-is-layout-flow\">\n<figure class=\"wp-block-image size-full\"><img loading=\"lazy\" decoding=\"async\" width=\"6000\" height=\"3401\" src=\"https:\/\/www.hoasen.edu.vn\/cntt\/wp-content\/uploads\/sites\/18\/2025\/07\/HSU-Programming-Challenge-2025.jpg\" alt=\"HSU Programming Challenge 2025: B\u1ec7 ph\u00f3ng cho nh\u1eefng nh\u00e0 l\u1eadp tr\u00ecnh t\u01b0\u01a1ng lai\u00a0\" class=\"wp-image-5936\"\/><\/figure>\n<\/div>\n\n\n\n<div class=\"wp-block-column is-layout-flow wp-block-column-is-layout-flow\">\n<figure class=\"wp-block-image size-full\"><img loading=\"lazy\" decoding=\"async\" width=\"2013\" height=\"1223\" src=\"https:\/\/www.hoasen.edu.vn\/cntt\/wp-content\/uploads\/sites\/18\/2025\/07\/HSU-TechDev-Challenge-2023-7.jpg\" alt=\"\" class=\"wp-image-6011\" style=\"aspect-ratio:16\/9;object-fit:cover\"\/><\/figure>\n<\/div>\n<\/div>\n\n\n\n<p style=\"font-size:18px\">The learning space at the Faculty is equipped with <strong>modern laboratory systems<\/strong>, with study guided by <strong>a team of lecturers rich in practical experience<\/strong>, well-trained in countries with advanced education, and technology experts from <strong>leading enterprises<\/strong>. This is a great advantage in connecting academic knowledge with the demands of the global workforce.<\/p>\n\n\n\n<div style=\"height:10px\" aria-hidden=\"true\" class=\"wp-block-spacer\"><\/div>\n\n\n\n<figure class=\"wp-block-image size-full\"><img loading=\"lazy\" decoding=\"async\" width=\"1897\" height=\"1068\" src=\"https:\/\/www.hoasen.edu.vn\/cntt\/wp-content\/uploads\/sites\/18\/2025\/08\/AI.jpg\" alt=\"\" class=\"wp-image-6133\"\/><\/figure>\n\n\n\n<div style=\"height:10px\" aria-hidden=\"true\" class=\"wp-block-spacer\"><\/div>\n\n\n\n<p style=\"font-size:18px\">A major differentiator for students of the Faculty of Information Technology at Hoa Sen University is their ability to integrate into the labor market while <strong>still studying<\/strong>. Each student will undergo<strong> two mandatory corporate internships (at the end of year 2 and year 4) <\/strong>and regularly participate in field trips to companies like VNG, Bosch, HRS Group, etc.<\/p>\n\n\n\n<div style=\"height:10px\" aria-hidden=\"true\" class=\"wp-block-spacer\"><\/div>\n\n\n\n<figure class=\"wp-block-image size-full\"><img loading=\"lazy\" decoding=\"async\" width=\"2560\" height=\"1707\" src=\"https:\/\/www.hoasen.edu.vn\/cntt\/wp-content\/uploads\/sites\/18\/2022\/11\/BA9A8683-scaled.jpg\" alt=\"\" class=\"wp-image-1531\" srcset=\"https:\/\/www.hoasen.edu.vn\/cntt\/wp-content\/uploads\/sites\/18\/2022\/11\/BA9A8683-scaled.jpg 2560w, https:\/\/www.hoasen.edu.vn\/cntt\/wp-content\/uploads\/sites\/18\/2022\/11\/BA9A8683-256x171.jpg 256w, https:\/\/www.hoasen.edu.vn\/cntt\/wp-content\/uploads\/sites\/18\/2022\/11\/BA9A8683-413x275.jpg 413w, https:\/\/www.hoasen.edu.vn\/cntt\/wp-content\/uploads\/sites\/18\/2022\/11\/BA9A8683-396x264.jpg 396w, https:\/\/www.hoasen.edu.vn\/cntt\/wp-content\/uploads\/sites\/18\/2022\/11\/BA9A8683-310x207.jpg 310w, https:\/\/www.hoasen.edu.vn\/cntt\/wp-content\/uploads\/sites\/18\/2022\/11\/BA9A8683-418x279.jpg 418w, https:\/\/www.hoasen.edu.vn\/cntt\/wp-content\/uploads\/sites\/18\/2022\/11\/BA9A8683-425x283.jpg 425w, https:\/\/www.hoasen.edu.vn\/cntt\/wp-content\/uploads\/sites\/18\/2022\/11\/BA9A8683-201x134.jpg 201w, https:\/\/www.hoasen.edu.vn\/cntt\/wp-content\/uploads\/sites\/18\/2022\/11\/BA9A8683-492x328.jpg 492w, https:\/\/www.hoasen.edu.vn\/cntt\/wp-content\/uploads\/sites\/18\/2022\/11\/BA9A8683-645x430.jpg 645w, https:\/\/www.hoasen.edu.vn\/cntt\/wp-content\/uploads\/sites\/18\/2022\/11\/BA9A8683-350x233.jpg 350w, https:\/\/www.hoasen.edu.vn\/cntt\/wp-content\/uploads\/sites\/18\/2022\/11\/BA9A8683-395x263.jpg 395w, https:\/\/www.hoasen.edu.vn\/cntt\/wp-content\/uploads\/sites\/18\/2022\/11\/BA9A8683-474x316.jpg 474w, https:\/\/www.hoasen.edu.vn\/cntt\/wp-content\/uploads\/sites\/18\/2022\/11\/BA9A8683-467x311.jpg 467w\" sizes=\"auto, (max-width: 2560px) 100vw, 2560px\" \/><\/figure>\n\n\n\n<div style=\"height:10px\" aria-hidden=\"true\" class=\"wp-block-spacer\"><\/div>\n\n\n\n<p style=\"font-size:18px\">According to a survey from June 2025 by the HSU Center for Student Experience and Corporate Relations, <strong>94%<\/strong> of <strong>Information Technology <\/strong>students are employed before graduation. For the <strong>Software Engineering<\/strong> major, the rate is <strong>90%<\/strong>, with <strong>55%<\/strong> of students working for <strong>international and foreign-owned enterprises<\/strong>. Simultaneously, the Faculty possesses an extensive network with many reputable domestic and international technology enterprises: Google, Samsung, Amazon Web Services, VNG Corporation, Bosch, DXC Technology, etc.<\/p>\n\n\n\n<div style=\"height:10px\" aria-hidden=\"true\" class=\"wp-block-spacer\"><\/div>\n\n\n\n<div class=\"wp-block-columns is-layout-flex wp-container-core-columns-is-layout-9d6595d7 wp-block-columns-is-layout-flex\">\n<div class=\"wp-block-column is-layout-flow wp-block-column-is-layout-flow\">\n<figure class=\"wp-block-image size-full\"><img loading=\"lazy\" decoding=\"async\" width=\"5480\" height=\"3653\" src=\"https:\/\/www.hoasen.edu.vn\/cntt\/wp-content\/uploads\/sites\/18\/2025\/08\/Sinh-vien-Khoa-Cong-nghe-thong-tin-HSU-3.jpg\" alt=\"\" class=\"wp-image-6138\"\/><\/figure>\n<\/div>\n\n\n\n<div class=\"wp-block-column is-layout-flow wp-block-column-is-layout-flow\">\n<figure class=\"wp-block-image size-full\"><img loading=\"lazy\" decoding=\"async\" width=\"5788\" height=\"3859\" src=\"https:\/\/www.hoasen.edu.vn\/cntt\/wp-content\/uploads\/sites\/18\/2025\/08\/Sinh-vien-Khoa-Cong-nghe-thong-tin-HSU-1.jpg\" alt=\"\" class=\"wp-image-6136\"\/><\/figure>\n<\/div>\n<\/div>\n\n\n\n<div class=\"wp-block-columns is-layout-flex wp-container-core-columns-is-layout-9d6595d7 wp-block-columns-is-layout-flex\">\n<div class=\"wp-block-column is-layout-flow wp-block-column-is-layout-flow\">\n<figure class=\"wp-block-image size-full\"><img loading=\"lazy\" decoding=\"async\" width=\"5683\" height=\"3789\" src=\"https:\/\/www.hoasen.edu.vn\/cntt\/wp-content\/uploads\/sites\/18\/2025\/08\/Sinh-vien-Khoa-Cong-nghe-thong-tin-HSU-2.jpg\" alt=\"\" class=\"wp-image-6137\"\/><\/figure>\n<\/div>\n\n\n\n<div class=\"wp-block-column is-layout-flow wp-block-column-is-layout-flow\">\n<figure class=\"wp-block-image size-full\"><img loading=\"lazy\" decoding=\"async\" width=\"5610\" height=\"3740\" src=\"https:\/\/www.hoasen.edu.vn\/cntt\/wp-content\/uploads\/sites\/18\/2025\/08\/Sinh-vien-Khoa-Cong-nghe-thong-tin-HSU.jpg\" alt=\"\" class=\"wp-image-6135\"\/><\/figure>\n<\/div>\n<\/div>\n\n\n\n<div style=\"height:10px\" aria-hidden=\"true\" class=\"wp-block-spacer\"><\/div>\n\n\n\n<p style=\"font-size:18px\">With a modern training foundation, a quality faculty team, an international learning environment, and an effective market connection strategy, the HSU Faculty of Information Technology is the ideal choice for young people who want to conquer the technology industry not only with knowledge but also with creativity, a global mindset, and an unlimited desire for development.<\/p>\n\n\n\n<div style=\"height:10px\" aria-hidden=\"true\" class=\"wp-block-spacer\"><\/div>\n\n\n\n<div style=\"padding: 16px;font-family: Arial, sans-serif;background: #fff;border: 1px solid #ddd;border-radius: 8px;max-width: 100%\">\n\n  <p style=\"font-weight: bold;font-size: 18px;margin-top: 0;margin-bottom: 12px\">\n    TR\u1ede TH\u00c0NH T\u00c2N SINH VI\u00caN KHOA C\u00d4NG NGH\u1ec6 TH\u00d4NG TIN\n  <\/p>\n\n  <p style=\"margin: 4px 0\">\n    \ud83d\udd17 Fanpage: \n    <a href=\"https:\/\/facebook.com\/HoaSenUni\" target=\"_blank\" style=\"color: #007bff;text-decoration: none\" rel=\"noopener\">\n      facebook.com\/HoaSenUni\n    <\/a>\n  <\/p>\n\n  <p style=\"margin: 4px 0\">\n    \ud83d\udd0e Tuy\u1ec3n sinh: \n    <a href=\"https:\/\/tuyensinh.hoasen.edu.vn\" target=\"_blank\" style=\"color: #007bff;text-decoration: none\" rel=\"noopener\">\n      tuyensinh.hoasen.edu.vn\n    <\/a>\n  <\/p>\n\n <p style=\"margin-top: 16px\">\n    <a href=\"tel:02873007272\" style=\"background-color: #e60023;color: white;padding: 12px 16px;font-size: 18px;font-weight: bold;text-decoration: none;border-radius: 6px\">\n       G\u1eccI HOTLINE: 028 7300 7272\n    <\/a>\n  <\/p>\n<\/div>\n<\/div>\n\n\n\n<div class=\"wp-block-column is-layout-flow wp-block-column-is-layout-flow\" style=\"flex-basis:70px\"><\/div>\n<\/div>\n","protected":false},"excerpt":{"rendered":"<p>Welcome to Faculty of Technology In a world undergoing a strong transformation under the impact of digital technology, information technology has become the core infrastructure promoting development in all fields, from economics, production, healthcare, and education to media, entertainment, and daily life. With over 30 years of training experience, Faculty of Technology &#8211; Hoa Sen University affirms its position as a leading training unit in Technology, educating a generation of engineers with solid professional competence, creative thinking, and flexible adaptation to global changes. The training model at the Faculty of Information Technology is built on a modern educational philosophy, referencing&#8230;<\/p>\n","protected":false},"author":5427,"featured_media":6130,"parent":6346,"menu_order":1,"comment_status":"closed","ping_status":"closed","template":"","meta":{"footnotes":""},"class_list":["post-6348","page","type-page","status-publish","has-post-thumbnail","hentry"],"acf":[],"_links":{"self":[{"href":"https:\/\/www.hoasen.edu.vn\/cntt\/wp-json\/wp\/v2\/pages\/6348","targetHints":{"allow":["GET"]}}],"collection":[{"href":"https:\/\/www.hoasen.edu.vn\/cntt\/wp-json\/wp\/v2\/pages"}],"about":[{"href":"https:\/\/www.hoasen.edu.vn\/cntt\/wp-json\/wp\/v2\/types\/page"}],"author":[{"embeddable":true,"href":"https:\/\/www.hoasen.edu.vn\/cntt\/wp-json\/wp\/v2\/users\/5427"}],"replies":[{"embeddable":true,"href":"https:\/\/www.hoasen.edu.vn\/cntt\/wp-json\/wp\/v2\/comments?post=6348"}],"version-history":[{"count":2,"href":"https:\/\/www.hoasen.edu.vn\/cntt\/wp-json\/wp\/v2\/pages\/6348\/revisions"}],"predecessor-version":[{"id":6467,"href":"https:\/\/www.hoasen.edu.vn\/cntt\/wp-json\/wp\/v2\/pages\/6348\/revisions\/6467"}],"up":[{"embeddable":true,"href":"https:\/\/www.hoasen.edu.vn\/cntt\/wp-json\/wp\/v2\/pages\/6346"}],"wp:featuredmedia":[{"embeddable":true,"href":"https:\/\/www.hoasen.edu.vn\/cntt\/wp-json\/wp\/v2\/media\/6130"}],"wp:attachment":[{"href":"https:\/\/www.hoasen.edu.vn\/cntt\/wp-json\/wp\/v2\/media?parent=6348"}],"curies":[{"name":"wp","href":"https:\/\/api.w.org\/{rel}","templated":true}]}}