{"id":5861,"date":"2025-08-04T10:52:36","date_gmt":"2025-08-04T03:52:36","guid":{"rendered":"https:\/\/www.hoasen.edu.vn\/cntt\/?page_id=5861"},"modified":"2025-12-25T14:56:55","modified_gmt":"2025-12-25T07:56:55","slug":"trai-nghiem-chuyen-nganh","status":"publish","type":"page","link":"https:\/\/www.hoasen.edu.vn\/cntt\/trai-nghiem-chuyen-nganh\/","title":{"rendered":"Tr\u1ea3i nghi\u1ec7m chuy\u00ean ng\u00e0nh"},"content":{"rendered":"\n<div class=\"wp-block-columns alignfull is-not-stacked-on-mobile block-faculty inf-center is-layout-flex wp-container-core-columns-is-layout-9d6595d7 wp-block-columns-is-layout-flex\">\n<div class=\"wp-block-column is-vertically-aligned-top fy-inf-bg-left is-layout-flow wp-block-column-is-layout-flow\" style=\"flex-basis:25%\"><div class=\"wp-block-image\">\n<figure class=\"alignleft size-large\"><img decoding=\"async\" src=\"https:\/\/www.hoasen.edu.vn\/wp-content\/themes\/ru-hsu\/assets\/faculty\/img\/Group_1000004021.svg\" alt=\"\"\/><\/figure>\n<\/div><\/div>\n\n\n\n<div class=\"wp-block-column is-vertically-aligned-center fy-inf-cnt is-layout-flow wp-block-column-is-layout-flow\" style=\"flex-basis:50%\">\n<h2 class=\"wp-block-heading has-text-align-center\" style=\"font-size:32px\">Tr\u1ea3i nghi\u1ec7m chuy\u00ean ng\u00e0nh<\/h2>\n\n\n\n<div style=\"height:24px\" aria-hidden=\"true\" class=\"wp-block-spacer\"><\/div>\n\n\n\n<p class=\"has-text-align-center has-text-color has-link-color has-medium-font-size wp-elements-7bfd55c67ae67c9523cf9ef65319d3ad\" style=\"color:#4a5567\">T\u1ea1i Khoa C\u00f4ng ngh\u1ec7, sinh vi\u00ean \u0111\u01b0\u1ee3c \u0111\u1ecbnh h\u01b0\u1edbng ph\u00e1t tri\u1ec3n to\u00e0n di\u1ec7n th\u00f4ng qua m\u00f4 h\u00ecnh h\u1ecdc t\u1eadp k\u1ebft h\u1ee3p gi\u1eefa ki\u1ebfn th\u1ee9c chuy\u00ean m\u00f4n v\u00e0 tr\u1ea3i nghi\u1ec7m th\u1ef1c ti\u1ec5n. B\u00ean c\u1ea1nh vi\u1ec7c tham gia c\u00e1c c\u00e2u l\u1ea1c b\u1ed9 chuy\u00ean ng\u00e0nh nh\u01b0 <strong>c\u00f4ng ngh\u1ec7 th\u00f4ng tin<\/strong>, <strong>l\u1eadp tr\u00ecnh<\/strong>,<strong>th\u1ec3 thao \u0111i\u1ec7n t\u1eed<\/strong>, sinh vi\u00ean c\u00f2n \u0111\u01b0\u1ee3c th\u1eed s\u1ee9c t\u1ea1i c\u00e1c <strong>cu\u1ed9c thi c\u00f4ng ngh\u1ec7<\/strong> \u0111\u1ec3 ki\u1ec3m nghi\u1ec7m n\u0103ng l\u1ef1c chuy\u00ean m\u00f4n trong m\u00f4i tr\u01b0\u1eddng c\u1ea1nh tranh chuy\u00ean nghi\u1ec7p. C\u00e1c chuy\u1ebfn <strong>tham quan doanh nghi\u1ec7p<\/strong> c\u0169ng gi\u00fap c\u00e1c b\u1ea1n c\u1eadp nh\u1eadt xu h\u01b0\u1edbng m\u1edbi, hi\u1ec3u r\u00f5 y\u00eau c\u1ea7u tuy\u1ec3n d\u1ee5ng, t\u1eeb \u0111\u00f3 \u0111\u1ecbnh h\u01b0\u1edbng ngh\u1ec1 nghi\u1ec7p hi\u1ec7u qu\u1ea3 h\u01a1n.<\/p>\n<\/div>\n\n\n\n<div class=\"wp-block-column is-vertically-aligned-top fy-inf-bg-right is-layout-flow wp-block-column-is-layout-flow\" style=\"flex-basis:25%\"><div class=\"wp-block-image\">\n<figure class=\"alignright size-large\"><img decoding=\"async\" src=\"https:\/\/www.hoasen.edu.vn\/wp-content\/themes\/ru-hsu\/assets\/faculty\/img\/Group_1000004020.svg\" alt=\"\"\/><\/figure>\n<\/div><\/div>\n<\/div>\n\n\n<div class=\"block-faculty projects-student\">\n                        <div class=\"project-s-card\">\n                <div class=\"project-s-content\">\n                                            <h2>C\u00e2u l\u1ea1c b\u1ed9 H\u1ecdc thu\u1eadt &#8211; Flybug<\/h2>\n                                                                <div class=\"project-desc\">\n                            <p>FlyBug Club l\u00e0 c\u00e2u l\u1ea1c b\u1ed9 h\u1ecdc thu\u1eadt chuy\u00ean ng\u00e0nh C\u00f4ng ngh\u1ec7 Th\u00f4ng tin, n\u01a1i quy t\u1ee5 nh\u1eefng sinh vi\u00ean y\u00eau th\u00edch c\u00f4ng ngh\u1ec7 v\u00e0 lu\u00f4n t\u00ecm t\u00f2i kh\u00e1m ph\u00e1 nh\u1eefng xu h\u01b0\u1edbng m\u1edbi. Kh\u00f4ng ch\u1ec9 t\u1eadp trung v\u00e0o c\u00e1c ho\u1ea1t \u0111\u1ed9ng chuy\u00ean m\u00f4n nh\u01b0 t\u1ed5 ch\u1ee9c c\u00e1c bu\u1ed5i h\u1ecdc nh\u00f3m n\u00e2ng cao k\u1ef9 n\u0103ng n\u0103ng, workshop, cu\u1ed9c thi h\u1ecdc thu\u1eadt, FlyBug c\u00f2n t\u1ed5 ch\u1ee9c nhi\u1ec1u ho\u1ea1t \u0111\u1ed9ng ngo\u1ea1i kh\u00f3a th\u00fa v\u1ecb nh\u1eb1m g\u1eafn k\u1ebft th\u00e0nh vi\u00ean, x\u00e2y d\u1ef1ng m\u1ed9t c\u1ed9ng \u0111\u1ed3ng c\u00f4ng ngh\u1ec7 n\u0103ng \u0111\u1ed9ng, s\u00e1ng t\u1ea1o v\u00e0 th\u00e2n thi\u1ec7n.<\/p>\n<p>&nbsp;<\/p>\n                        <\/div>\n                                    <\/div>\n                <div class=\"project-s-image\">\n                                            <img decoding=\"async\" src=\"https:\/\/www.hoasen.edu.vn\/cntt\/wp-content\/uploads\/sites\/18\/2025\/07\/HSU-TechDev-Challenge-2023-12.jpg\" alt=\"C\u00e2u l\u1ea1c b\u1ed9 H\u1ecdc thu\u1eadt - Flybug\" \/>\n                                    <\/div>\n            <\/div>\n                    <div class=\"project-s-card\">\n                <div class=\"project-s-content\">\n                                            <h2>C\u00e2u l\u1ea1c b\u1ed9 Th\u1ec3 thao \u0110i\u1ec7n t\u1eed \u2013 Hoa Sen Gaming<\/h2>\n                                                                <div class=\"project-desc\">\n                            <p>Hoa Sen Gaming l\u00e0 C\u00e2u l\u1ea1c b\u1ed9 Th\u1ec3 thao \u0110i\u1ec7n t\u1eed \u0111\u1ea7u ti\u00ean trong h\u1ec7 th\u1ed1ng c\u00e1c tr\u01b0\u1eddng \u0111\u1ea1i h\u1ecdc t\u1ea1i Vi\u1ec7t Nam. CLB kh\u00f4ng ch\u1ec9 l\u00e0 s\u00e2n ch\u01a1i cho c\u00e1c b\u1ea1n tr\u1ebb \u0111am m\u00ea eSports m\u00e0 c\u00f2n l\u00e0 n\u01a1i nu\u00f4i d\u01b0\u1ee1ng v\u00e0 ph\u00e1t tri\u1ec3n \u0111am m\u00ea \u0111\u00f3 theo h\u01b0\u1edbng b\u00e0i b\u1ea3n, chuy\u00ean nghi\u1ec7p. Th\u00f4ng qua c\u00e1c bu\u1ed5i training, gi\u1ea3i \u0111\u1ea5u n\u1ed9i b\u1ed9 v\u00e0 giao l\u01b0u to\u00e0n qu\u1ed1c, Hoa Sen Gaming t\u1ea1o \u0111i\u1ec1u ki\u1ec7n \u0111\u1ec3 sinh vi\u00ean r\u00e8n luy\u1ec7n k\u1ef9 n\u0103ng, thi \u0111\u1ea5u \u1edf c\u1ea5p \u0111\u1ed9 cao v\u00e0 t\u1eebng b\u01b0\u1edbc chinh ph\u1ee5c nh\u1eefng s\u00e2n ch\u01a1i l\u1edbn.<\/p>\n<p>&nbsp;<\/p>\n                        <\/div>\n                                    <\/div>\n                <div class=\"project-s-image\">\n                                            <img decoding=\"async\" src=\"https:\/\/www.hoasen.edu.vn\/cntt\/wp-content\/uploads\/sites\/18\/2025\/08\/HSG-2.jpg\" alt=\"C\u00e2u l\u1ea1c b\u1ed9 Th\u1ec3 thao \u0110i\u1ec7n t\u1eed \u2013 Hoa Sen Gaming\" \/>\n                                    <\/div>\n            <\/div>\n                    <div class=\"project-s-card\">\n                <div class=\"project-s-content\">\n                                            <h2>C\u00e2u l\u1ea1c b\u1ed9 L\u1eadp tr\u00ecnh \u2013 Runway<\/h2>\n                                                                <div class=\"project-desc\">\n                            <p data-start=\"127\" data-end=\"678\">Runway l\u00e0 c\u00e2u l\u1ea1c b\u1ed9 h\u1ecdc thu\u1eadt d\u00e0nh cho sinh vi\u00ean y\u00eau th\u00edch l\u1eadp tr\u00ecnh, tr\u1ef1c thu\u1ed9c Khoa C\u00f4ng ngh\u1ec7 HSU v\u00e0 \u0111\u01b0\u1ee3c b\u1ea3o tr\u1ee3 b\u1edfi ITSS \u2013 C\u1ed9ng \u0111\u1ed3ng Gi\u1ea3i ph\u00e1p D\u1ecbch v\u1ee5 CNTT Vi\u1ec7t Nam \u2013 Nh\u1eadt B\u1ea3n. T\u1ea1i \u0111\u00e2y, sinh vi\u00ean c\u00f3 c\u01a1 h\u1ed9i ph\u00e1t tri\u1ec3n t\u01b0 duy l\u1eadp tr\u00ecnh, n\u00e2ng cao k\u1ef9 n\u0103ng gi\u1ea3i thu\u1eadt v\u00e0 c\u00f4ng ngh\u1ec7 th\u00f4ng qua c\u00e1c bu\u1ed5i workshop, training n\u1ed9i b\u1ed9, giao l\u01b0u chuy\u00ean m\u00f4n v\u00e0 c\u00e1c cu\u1ed9c thi l\u1eadp tr\u00ecnh. Runway kh\u00f4ng ch\u1ec9 l\u00e0 n\u01a1i nu\u00f4i d\u01b0\u1ee1ng \u0111am m\u00ea c\u00f4ng ngh\u1ec7 m\u00e0 c\u00f2n l\u00e0 b\u1ec7 ph\u00f3ng cho sinh vi\u00ean h\u01b0\u1edbng t\u1edbi chu\u1ea9n ngh\u1ec1 nghi\u1ec7p qu\u1ed1c t\u1ebf, \u0111\u1eb7c bi\u1ec7t l\u00e0 th\u1ecb tr\u01b0\u1eddng t\u1ea1i Nh\u1eadt B\u1ea3n.<\/p>\n                        <\/div>\n                                    <\/div>\n                <div class=\"project-s-image\">\n                                            <img decoding=\"async\" src=\"https:\/\/www.hoasen.edu.vn\/cntt\/wp-content\/uploads\/sites\/18\/2025\/08\/RUNWAY-CLUB.jpg\" alt=\"C\u00e2u l\u1ea1c b\u1ed9 L\u1eadp tr\u00ecnh \u2013 Runway\" \/>\n                                    <\/div>\n            <\/div>\n                    <div class=\"project-s-card\">\n                <div class=\"project-s-content\">\n                                            <h2>C\u00e2u l\u1ea1c b\u1ed9 C\u00f4ng ngh\u1ec7 \u2013 Google Developer Group on Campus<\/h2>\n                                                                <div class=\"project-desc\">\n                            <p data-start=\"99\" data-end=\"717\">Google Developer Group on Campus (GDG Campus) l\u00e0 c\u00e2u l\u1ea1c b\u1ed9 c\u00f4ng ngh\u1ec7 tr\u1ef1c thu\u1ed9c Khoa C\u00f4ng ngh\u1ec7, \u0111\u01b0\u1ee3c h\u00ecnh th\u00e0nh t\u1eeb m\u1ea1ng l\u01b0\u1edbi GDG to\u00e0n c\u1ea7u do Google h\u1ed7 tr\u1ee3. CLB l\u00e0 s\u00e2n ch\u01a1i h\u1ecdc thu\u1eadt n\u0103ng \u0111\u1ed9ng d\u00e0nh cho sinh vi\u00ean y\u00eau th\u00edch l\u1eadp tr\u00ecnh, c\u00f4ng ngh\u1ec7 v\u00e0 \u0111\u1ed5i m\u1edbi s\u00e1ng t\u1ea1o. GDG Campus g\u00f3p ph\u1ea7n \u0111\u01b0a sinh vi\u00ean ti\u1ebfp c\u1eadn v\u1edbi c\u00e1c xu h\u01b0\u1edbng c\u00f4ng ngh\u1ec7 m\u1edbi nh\u1ea5t nh\u01b0 AI, Cloud, Mobile, Web, \u0111\u1ed3ng th\u1eddi ph\u00e1t tri\u1ec3n k\u1ef9 n\u0103ng l\u00e0m vi\u1ec7c nh\u00f3m v\u00e0 t\u01b0 duy d\u1ef1 \u00e1n.<\/p>\n                        <\/div>\n                                    <\/div>\n                <div class=\"project-s-image\">\n                                            <img decoding=\"async\" src=\"https:\/\/www.hoasen.edu.vn\/cntt\/wp-content\/uploads\/sites\/18\/2025\/08\/CNTT-4-1.jpg\" alt=\"C\u00e2u l\u1ea1c b\u1ed9 C\u00f4ng ngh\u1ec7 \u2013 Google Developer Group on Campus\" \/>\n                                    <\/div>\n            <\/div>\n            <\/div>\n\n\n\n\n<div class=\"block-faculty image-gallery-ps\">\n  <h2>H\u00ecnh \u1ea3nh<\/h2>\n\n  <div class=\"gallery-ps row-1\">\n          <div class=\"main-image\">\n        <img decoding=\"async\" src=\"https:\/\/www.hoasen.edu.vn\/cntt\/wp-content\/uploads\/sites\/18\/2025\/08\/GDC-x-HSU-2.jpg\" alt=\"\" style=\"aspect-ratio: 16 \/ 9;\">\n      <\/div>\n\n              <div class=\"gr-sub-img\">\n                      <div class=\"sub-image\">\n              <img decoding=\"async\" src=\"https:\/\/www.hoasen.edu.vn\/cntt\/wp-content\/uploads\/sites\/18\/2025\/08\/FLYBUG.jpg\" alt=\"\">\n            <\/div>\n                      <div class=\"sub-image\">\n              <img decoding=\"async\" src=\"https:\/\/www.hoasen.edu.vn\/cntt\/wp-content\/uploads\/sites\/18\/2025\/08\/HSG-1.jpg\" alt=\"\">\n            <\/div>\n                  <\/div>\n            <\/div>\n\n      <div class=\"gallery-ps row-2\">\n              <div class=\"sub-image\">\n          <img decoding=\"async\" src=\"https:\/\/www.hoasen.edu.vn\/cntt\/wp-content\/uploads\/sites\/18\/2025\/07\/HRS-Group.png\" alt=\"\">\n        <\/div>\n              <div class=\"sub-image\">\n          <img decoding=\"async\" src=\"https:\/\/www.hoasen.edu.vn\/cntt\/wp-content\/uploads\/sites\/18\/2025\/08\/HSG-1.jpg\" alt=\"\">\n        <\/div>\n              <div class=\"sub-image\">\n          <img decoding=\"async\" src=\"https:\/\/www.hoasen.edu.vn\/cntt\/wp-content\/uploads\/sites\/18\/2025\/08\/GDC-x-HSU.jpg\" alt=\"\">\n        <\/div>\n              <div class=\"sub-image\">\n          <img decoding=\"async\" src=\"https:\/\/www.hoasen.edu.vn\/cntt\/wp-content\/uploads\/sites\/18\/2025\/09\/100-sinh-vie\u0302n-nga\u0300nh-Co\u0302ng-nghe\u0323\u0302-tho\u0302ng-tin-co\u0301-vie\u0323\u0302c-la\u0300m-4.png\" alt=\"\">\n        <\/div>\n              <div class=\"sub-image\">\n          <img decoding=\"async\" src=\"https:\/\/www.hoasen.edu.vn\/cntt\/wp-content\/uploads\/sites\/18\/2025\/08\/GDC-x-HSU-1.jpg\" alt=\"\">\n        <\/div>\n              <div class=\"sub-image\">\n          <img decoding=\"async\" src=\"https:\/\/www.hoasen.edu.vn\/cntt\/wp-content\/uploads\/sites\/18\/2025\/08\/FLYBUG-1.jpg\" alt=\"\">\n        <\/div>\n          <\/div>\n  <\/div>\n\n\n\n\n\n<div class=\"wp-block-columns alignfull are-vertically-aligned-top block-faculty fy-contact width-1200 is-layout-flex wp-container-core-columns-is-layout-9d6595d7 wp-block-columns-is-layout-flex\">\n<div class=\"wp-block-column is-vertically-aligned-top is-layout-flow wp-block-column-is-layout-flow\" style=\"flex-basis:30%\">\n<h2 class=\"wp-block-heading\" style=\"font-size:32px\">Li\u00ean h\u1ec7<\/h2>\n\n\n\n<p>C\u00e1c c\u00e2u l\u1ea1c b\u1ed9 Khoa C\u00f4ng ngh\u1ec7 <\/p>\n<\/div>\n\n\n\n<div class=\"wp-block-column is-vertically-aligned-top is-layout-flow wp-block-column-is-layout-flow\" style=\"flex-basis:65%\" id=\"faculty-accordion\">\t\t<div id=\"block_60cc71147c507033d2ee1b41f9f58f35\" class=\"vc-accor\">\r\n\t\t\t\t\t\t\t<div class=\"vc-accor__item\">\r\n\t\t\t\t\t\t\t\t\t\t<input type=\"checkbox\" id=\"rdblock_60cc71147c507033d2ee1b41f9f58f35-1\" name=\"rd\">\r\n\t\t\t\t\t<label class=\"vc-accor__label d-block position-relative\" for=\"rdblock_60cc71147c507033d2ee1b41f9f58f35-1\">\r\n\t\t\t\t\t\t<span class=\"p-relative\">C\u00e2u l\u1ea1c b\u1ed9 H\u1ecdc thu\u1eadt &#8211; Flybug<\/span>\r\n\t\t\t\t\t\t<svg class=\"vc-icon position-absolute\"><use xlink:href=\"https:\/\/www.hoasen.edu.vn\/cntt\/wp-content\/themes\/ru-hsu\/assets\/img\/icons.svg#i-arrow-down\" \/><\/svg>\r\n\t\t\t\t\t<\/label>\r\n\t\t\t\t\t<div class=\"vc-accor__content\">\r\n\t\t\t\t\t\t<p><strong>Fanpage:<\/strong> <a href=\"https:\/\/www.facebook.com\/flybugclub.hsu\" target=\"_blank\" rel=\"noopener\">https:\/\/www.facebook.com\/flybugclub.hsu<\/a><\/p>\n<p><strong>Email:<\/strong> <a href=\"mailto:flybug@hoasen.edu.vn\">flybug@hoasen.edu.vn<\/a><\/p>\n<p>&nbsp;<\/p>\n\t\t\t\t\t<\/div>\r\n\t\t\t\t<\/div>\r\n\t\t\t\t\t\t\t<div class=\"vc-accor__item\">\r\n\t\t\t\t\t\t\t\t\t\t<input type=\"checkbox\" id=\"rdblock_60cc71147c507033d2ee1b41f9f58f35-2\" name=\"rd\">\r\n\t\t\t\t\t<label class=\"vc-accor__label d-block position-relative\" for=\"rdblock_60cc71147c507033d2ee1b41f9f58f35-2\">\r\n\t\t\t\t\t\t<span class=\"p-relative\">C\u00e2u l\u1ea1c b\u1ed9 Th\u1ec3 thao \u0110i\u1ec7n t\u1eed \u2013 Hoa Sen Gaming<\/span>\r\n\t\t\t\t\t\t<svg class=\"vc-icon position-absolute\"><use xlink:href=\"https:\/\/www.hoasen.edu.vn\/cntt\/wp-content\/themes\/ru-hsu\/assets\/img\/icons.svg#i-arrow-down\" \/><\/svg>\r\n\t\t\t\t\t<\/label>\r\n\t\t\t\t\t<div class=\"vc-accor__content\">\r\n\t\t\t\t\t\t<p><strong>Fanpage:<\/strong> <a href=\"https:\/\/www.facebook.com\/HoaSenGaming\" target=\"_blank\" rel=\"noopener\">https:\/\/www.facebook.com\/HoaSenGaming<\/a><\/p>\n<p><strong>Email:<\/strong> <a href=\"mailto:hsg@hoasen.edu.vn\">hsg@hoasen.edu.vn<\/a><\/p>\n\t\t\t\t\t<\/div>\r\n\t\t\t\t<\/div>\r\n\t\t\t\t\t\t\t<div class=\"vc-accor__item\">\r\n\t\t\t\t\t\t\t\t\t\t<input type=\"checkbox\" id=\"rdblock_60cc71147c507033d2ee1b41f9f58f35-3\" name=\"rd\">\r\n\t\t\t\t\t<label class=\"vc-accor__label d-block position-relative\" for=\"rdblock_60cc71147c507033d2ee1b41f9f58f35-3\">\r\n\t\t\t\t\t\t<span class=\"p-relative\">C\u00e2u l\u1ea1c b\u1ed9 L\u1eadp tr\u00ecnh \u2013 Runway<\/span>\r\n\t\t\t\t\t\t<svg class=\"vc-icon position-absolute\"><use xlink:href=\"https:\/\/www.hoasen.edu.vn\/cntt\/wp-content\/themes\/ru-hsu\/assets\/img\/icons.svg#i-arrow-down\" \/><\/svg>\r\n\t\t\t\t\t<\/label>\r\n\t\t\t\t\t<div class=\"vc-accor__content\">\r\n\t\t\t\t\t\t<p><strong>Fanpage:<\/strong> <a href=\"https:\/\/www.facebook.com\/dsc.hsu\" target=\"_blank\" rel=\"noopener\">https:\/\/www.facebook.com\/dsc.hsu<\/a><\/p>\n<p><strong>Email:<\/strong> <a href=\"mailto:runway@itss.edu.vn\">runway@itss.edu.vn<\/a><\/p>\n\t\t\t\t\t<\/div>\r\n\t\t\t\t<\/div>\r\n\t\t\t\t\t\t\t<div class=\"vc-accor__item\">\r\n\t\t\t\t\t\t\t\t\t\t<input type=\"checkbox\" id=\"rdblock_60cc71147c507033d2ee1b41f9f58f35-4\" name=\"rd\">\r\n\t\t\t\t\t<label class=\"vc-accor__label d-block position-relative\" for=\"rdblock_60cc71147c507033d2ee1b41f9f58f35-4\">\r\n\t\t\t\t\t\t<span class=\"p-relative\">C\u00e2u l\u1ea1c b\u1ed9 C\u00f4ng ngh\u1ec7 \u2013 Google Developer Group on Campus<\/span>\r\n\t\t\t\t\t\t<svg class=\"vc-icon position-absolute\"><use xlink:href=\"https:\/\/www.hoasen.edu.vn\/cntt\/wp-content\/themes\/ru-hsu\/assets\/img\/icons.svg#i-arrow-down\" \/><\/svg>\r\n\t\t\t\t\t<\/label>\r\n\t\t\t\t\t<div class=\"vc-accor__content\">\r\n\t\t\t\t\t\t<p><strong>Fanpage:<\/strong> <a href=\"https:\/\/www.facebook.com\/hsu.gdsc\" target=\"_blank\" rel=\"noopener\">https:\/\/www.facebook.com\/hsu.gdsc<\/a><\/p>\n<p><strong>Email: <\/strong><a href=\"mailto:dsc.hoasenuni@gmail.com\">dsc.hoasenuni@gmail.com<\/a><\/p>\n\t\t\t\t\t<\/div>\r\n\t\t\t\t<\/div>\r\n\t\t\t\t\t<\/div>\r\n\t<\/div>\n<\/div>\n\n\n<p><style>\r\n.vc-contact.position-relative {\r\n    display: none;\r\n}\r\n\t.vc-banner {\r\n    display: none;\r\n}\r\n\r\n\r\n<\/style>\r\n  \r\n<br \/>\n<style>\r\n.vc-contact.position-relative {\r\n    display: none;\r\n}\r\ndiv#widFbWidget {\r\n    display: none;\r\n}\r\n.vc-footer__col.col-12.col-md-5.col-lg-5.col-xl-2.col-xxl-3 .row {\r\n    display: grid;\r\n    grid-template-columns: 50% 50%;\r\n}\r\n.row.vc-footer__row {\r\n    margin-top: 100px;\r\n}\r\nfooter#jsFooter {\r\n    position: relative;\r\n}\r\na.vc-footer__logo.d-none.d-xl-inline-block.mb-3 {\r\n    position: absolute;\r\n    top: 50px;\r\n}\r\n.row.vc-footer__row {\r\n    margin-top: 100px;\r\n    border-top: 1px solid #2564AC;\r\n    padding-top: 20px;\r\n}\r\n.vc-footer__hotline {\r\n    background: unset;\r\n    color: #fff;\r\n    font-size: 1.3rem;\r\n    margin-bottom: 10px;\r\n    padding: unset;\r\n}\r\n.vc-footer__hotline svg, .vc-footer__info svg {\r\n    display: none;\r\n}\r\n.vc-footer__hotline a {\r\n    font-size: 1.3rem;\r\n    font-weight: 100;\r\n}\r\n.vc-footer__info{\r\n    magrin-bottom: 5px\r\n}\r\n.vc-footer__col.col-12.col-md-5.col-lg-5.col-xl-2.col-xxl-3 {\r\n    width: 35%;\r\n}\r\n.vc-footer__col.col-12.col-md-9.col-lg-9.col-xl-6.col-xxl-6 {\r\n    width: 40%;\r\n}\r\n.vc-footer__col.col-12.col-md-5.col-lg-5.col-xl-2.col-xxl-3 .vc-footer__info {\r\n    width: max-content;\r\n}\r\n#faculty-accordion .vc-accor__item {\r\n    box-shadow: unset;\r\n    border-bottom: 1px solid #EFEEEF;\r\n    border-radius: unset;\r\n}\r\n#faculty-accordion .vc-accor__item input:checked+.vc-accor__label {\r\n    border: unset;\r\n    padding: unset;\r\n}\r\n\t#followHSU img {\r\n    width: 25px;\r\n}\r\n\tdiv#followHSU {\r\n    display: flex !important;\r\n\tflex-direction: column;\r\n    gap: 8px;\r\n}\r\n\tdiv#followHSU a {\r\n    color: white;\r\n    display: flex;\r\n    width: 150px;\r\n    gap: 12px;\r\n}\r\n\tnav.vc-footer__img.d-flex.flex-wrap.justify-content-between.align-items-center {\r\n    align-content: flex-start !important;\r\n}\r\n\t.vc-footer__col.col-12.col-md-7.col-lg-7.col-xl-3 {\r\n    display: flex;\r\n}\r\n\t.footet_faculty {\r\n    display: block !important;\r\n}\r\n<\/style><\/p>\n","protected":false},"excerpt":{"rendered":"<p>T\u1ea1i Khoa C\u00f4ng ngh\u1ec7, sinh vi\u00ean \u0111\u01b0\u1ee3c \u0111\u1ecbnh h\u01b0\u1edbng ph\u00e1t tri\u1ec3n to\u00e0n di\u1ec7n th\u00f4ng qua m\u00f4 h\u00ecnh h\u1ecdc t\u1eadp k\u1ebft h\u1ee3p ki\u1ebfn th\u1ee9c chuy\u00ean m\u00f4n v\u00e0 tr\u1ea3i nghi\u1ec7m th\u1ef1c ti\u1ec5n. <\/p>\n","protected":false},"author":5427,"featured_media":6085,"parent":0,"menu_order":0,"comment_status":"closed","ping_status":"closed","template":"page-templates\/home.php","meta":{"footnotes":""},"class_list":["post-5861","page","type-page","status-publish","has-post-thumbnail","hentry"],"acf":[],"_links":{"self":[{"href":"https:\/\/www.hoasen.edu.vn\/cntt\/wp-json\/wp\/v2\/pages\/5861","targetHints":{"allow":["GET"]}}],"collection":[{"href":"https:\/\/www.hoasen.edu.vn\/cntt\/wp-json\/wp\/v2\/pages"}],"about":[{"href":"https:\/\/www.hoasen.edu.vn\/cntt\/wp-json\/wp\/v2\/types\/page"}],"author":[{"embeddable":true,"href":"https:\/\/www.hoasen.edu.vn\/cntt\/wp-json\/wp\/v2\/users\/5427"}],"replies":[{"embeddable":true,"href":"https:\/\/www.hoasen.edu.vn\/cntt\/wp-json\/wp\/v2\/comments?post=5861"}],"version-history":[{"count":19,"href":"https:\/\/www.hoasen.edu.vn\/cntt\/wp-json\/wp\/v2\/pages\/5861\/revisions"}],"predecessor-version":[{"id":6599,"href":"https:\/\/www.hoasen.edu.vn\/cntt\/wp-json\/wp\/v2\/pages\/5861\/revisions\/6599"}],"wp:featuredmedia":[{"embeddable":true,"href":"https:\/\/www.hoasen.edu.vn\/cntt\/wp-json\/wp\/v2\/media\/6085"}],"wp:attachment":[{"href":"https:\/\/www.hoasen.edu.vn\/cntt\/wp-json\/wp\/v2\/media?parent=5861"}],"curies":[{"name":"wp","href":"https:\/\/api.w.org\/{rel}","templated":true}]}}