{"id":5845,"date":"2025-08-04T10:48:31","date_gmt":"2025-08-04T03:48:31","guid":{"rendered":"https:\/\/www.hoasen.edu.vn\/cntt\/?page_id=5845"},"modified":"2025-12-24T09:16:16","modified_gmt":"2025-12-24T02:16:16","slug":"gioi-thieu","status":"publish","type":"page","link":"https:\/\/www.hoasen.edu.vn\/cntt\/gioi-thieu\/","title":{"rendered":"Gi\u1edbi thi\u1ec7u"},"content":{"rendered":"\n<p>Ch\u00e0o m\u1eebng b\u1ea1n \u0111\u1ebfn v\u1edbi Khoa C\u00f4ng ngh\u1ec7 <\/p>\n\n\n\n<p>Trong b\u1ed1i c\u1ea3nh th\u1ebf gi\u1edbi chuy\u1ec3n m\u00ecnh m\u1ea1nh m\u1ebd d\u01b0\u1edbi t\u00e1c \u0111\u1ed9ng c\u1ee7a c\u00f4ng ngh\u1ec7 s\u1ed1, c\u00f4ng ngh\u1ec7 th\u00f4ng tin \u0111\u00e3 tr\u1edf th\u00e0nh h\u1ea1 t\u1ea7ng c\u1ed1t l\u00f5i th\u00fac \u0111\u1ea9y ph\u00e1t tri\u1ec3n m\u1ecdi l\u0129nh v\u1ef1c, t\u1eeb kinh t\u1ebf, s\u1ea3n xu\u1ea5t, y t\u1ebf, gi\u00e1o d\u1ee5c \u0111\u1ebfn truy\u1ec1n th\u00f4ng, gi\u1ea3i tr\u00ed v\u00e0 \u0111\u1eddi s\u1ed1ng th\u01b0\u1eddng nh\u1eadt. V\u1edbi h\u01a1n 30 n\u0103m kinh nghi\u1ec7m \u0111\u00e0o t\u1ea1o, Khoa C\u00f4ng ngh\u1ec7 th\u00f4ng tin \u2013 Tr\u01b0\u1eddng \u0110\u1ea1i h\u1ecdc Hoa Sen kh\u1eb3ng \u0111\u1ecbnh l\u00e0 \u0111\u01a1n v\u1ecb \u0111\u00e0o t\u1ea1o h\u00e0ng \u0111\u1ea7u v\u1ec1 C\u00f4ng ngh\u1ec7, \u0111\u00e0o t\u1ea1o th\u1ebf h\u1ec7 k\u1ef9 s\u01b0 c\u00f3 n\u0103ng l\u1ef1c chuy\u00ean m\u00f4n v\u1eefng v\u00e0ng, t\u01b0 duy s\u00e1ng t\u1ea1o v\u00e0 th\u00edch \u1ee9ng linh ho\u1ea1t v\u1edbi chuy\u1ec3n \u0111\u1ed9ng to\u00e0n c\u1ea7u.<\/p>\n\n\n\n<p>M\u00f4 h\u00ecnh \u0111\u00e0o t\u1ea1o t\u1ea1i Khoa C\u00f4ng ngh\u1ec7 \u0111\u01b0\u1ee3c x\u00e2y d\u1ef1ng d\u1ef1a tr\u00ean tri\u1ebft l\u00fd gi\u00e1o d\u1ee5c hi\u1ec7n \u0111\u1ea1i, tham kh\u1ea3o t\u1eeb c\u00e1c tr\u01b0\u1eddng h\u00e0ng \u0111\u1ea7u tr\u00ean th\u1ebf gi\u1edbi v\u00e0 b\u00e1m s\u00e1t nhu c\u1ea7u th\u1ef1c ti\u1ec5n c\u1ee7a doanh nghi\u1ec7p. Hi\u1ec7n t\u1ea1i, Khoa \u0111ang \u0111\u00e0o t\u1ea1o 3 ng\u00e0nh, g\u1ed3m:<\/p>\n\n\n\n<ul class=\"wp-block-list\">\n<li>C\u00f4ng ngh\u1ec7 th\u00f4ng tin;<\/li>\n\n\n\n<li>K\u1ef9 thu\u1eadt ph\u1ea7n m\u1ec1m;<\/li>\n\n\n\n<li>Tr\u00ed tu\u1ec7 nh\u00e2n t\u1ea1o.<\/li>\n<\/ul>\n\n\n\n<p><\/p>\n\n\n\n<p>\u0110\u1eb7c bi\u1ec7t, ch\u01b0\u01a1ng tr\u00ecnh \u0111\u00e0o t\u1ea1o \u0111\u1ea1t chu\u1ea9n ch\u1ea5t l\u01b0\u1ee3ng AUN-QA (t\u1ed5 ch\u1ee9c \u0111\u1ea3m b\u1ea3o ch\u1ea5t l\u01b0\u1ee3ng c\u1ee7a M\u1ea1ng l\u01b0\u1edbi c\u00e1c tr\u01b0\u1eddng \u0111\u1ea1i h\u1ecdc \u0110\u00f4ng Nam \u00c1), t\u00edch h\u1ee3p c\u00e1c ki\u1ebfn th\u1ee9c c\u00f4ng ngh\u1ec7 xu h\u01b0\u1edbng nh\u01b0: tr\u00ed tu\u1ec7 nh\u00e2n t\u1ea1o (AI), d\u1eef li\u1ec7u l\u1edbn (Big Data), \u0111i\u1ec7n to\u00e1n \u0111\u00e1m m\u00e2y (Cloud Computing), Internet v\u1ea1n v\u1eadt (IoT), Blockchain, An to\u00e0n th\u00f4ng tin (Cybersecurity)\u2026<\/p>\n\n\n\n<p>Sinh vi\u00ean s\u1ebd \u0111\u01b0\u1ee3c h\u1ecdc t\u1eadp b\u1eb1ng ph\u01b0\u01a1ng ph\u00e1p Project-base learrning (h\u1ecdc t\u1eadp d\u1ef1a tr\u00ean d\u1ef1 \u00e1n) xuy\u00ean su\u1ed1t kh\u00f3a h\u1ecdc, tham gia c\u00e1c cu\u1ed9c thi c\u00f4ng ngh\u1ec7 do Khoa t\u1ed5 ch\u1ee9c nh\u01b0 HSU Programming Challenge, HSU TechDev Challenge\u2026 ho\u1eb7c tham gia c\u00e1c cu\u1ed9c thi b\u00ean ngo\u00e0i Tr\u01b0\u1eddng nh\u1eb1m ti\u1ebfp c\u1eadn v\u1edbi c\u00f4ng ngh\u1ec7 m\u1edbi nh\u1ea5t, trau d\u1ed3i k\u1ef9 n\u0103ng gi\u1ea3i quy\u1ebft v\u1ea5n \u0111\u1ec1, ph\u00e1t tri\u1ec3n t\u01b0 duy logic v\u00e0 l\u00e0m vi\u1ec7c nh\u00f3m. \u0110\u00e2y l\u00e0 nh\u1eefng y\u1ebfu t\u1ed1 quan tr\u1ecdng gi\u00fap c\u00e1c b\u1ea1n tr\u1ebb t\u1ef1 tin b\u01b0\u1edbc v\u00e0o m\u00f4i tr\u01b0\u1eddng l\u00e0m vi\u1ec7c th\u1ef1c t\u1ebf.<\/p>\n\n\n\n<p>HSU Programming Challenge 2025: B\u1ec7 ph\u00f3ng cho nh\u1eefng nh\u00e0 l\u1eadp tr\u00ecnh t\u01b0\u01a1ng lai<\/p>\n\n\n\n<p>Kh\u00f4ng gian h\u1ecdc t\u1eadp t\u1ea1i Khoa \u0111\u01b0\u1ee3c \u0111\u1ea7u t\u01b0 h\u1ec7 th\u1ed1ng ph\u00f2ng th\u1ef1c h\u00e0nh hi\u1ec7n \u0111\u1ea1i, h\u1ecdc t\u1eadp d\u01b0\u1edbi s\u1ef1 h\u01b0\u1edbng d\u1eabn c\u1ee7a \u0111\u1ed9i ng\u0169 gi\u1ea3ng vi\u00ean gi\u00e0u kinh nghi\u1ec7m th\u1ef1c t\u1ebf, \u0111\u01b0\u1ee3c \u0111\u00e0o t\u1ea1o b\u00e0i b\u1ea3n t\u1ea1i c\u00e1c qu\u1ed1c gia c\u00f3 n\u1ec1n gi\u00e1o d\u1ee5c ti\u00ean ti\u1ebfn c\u00f9ng c\u00e1c chuy\u00ean gia c\u00f4ng ngh\u1ec7 \u0111\u1ebfn t\u1eeb c\u00e1c doanh nghi\u1ec7p h\u00e0ng \u0111\u1ea7u. \u0110\u00e2y l\u00e0 l\u1ee3i th\u1ebf l\u1edbn trong vi\u1ec7c k\u1ebft n\u1ed1i ki\u1ebfn th\u1ee9c h\u1ecdc thu\u1eadt v\u1edbi y\u00eau c\u1ea7u c\u1ee7a th\u1ecb tr\u01b0\u1eddng nh\u00e2n l\u1ef1c to\u00e0n c\u1ea7u.&nbsp;<\/p>\n\n\n\n<p>Kh\u00e1c bi\u1ec7t l\u1edbn c\u1ee7a sinh vi\u00ean Khoa C\u00f4ng ngh\u1ec7 th\u00f4ng tin \u2013 Tr\u01b0\u1eddng \u0110\u1ea1i h\u1ecdc Hoa Sen ch\u00ednh l\u00e0 kh\u1ea3 n\u0103ng h\u1ed9i nh\u1eadp th\u1ecb tr\u01b0\u1eddng lao \u0111\u1ed9ng ngay khi c\u00f2n \u0111ang h\u1ecdc. M\u1ed7i sinh vi\u00ean s\u1ebd tr\u1ea3i qua hai \u0111\u1ee3t th\u1ef1c t\u1eadp doanh nghi\u1ec7p b\u1eaft bu\u1ed9c (cu\u1ed1i n\u0103m 2 v\u00e0 cu\u1ed1i n\u0103m 4), th\u01b0\u1eddng xuy\u00ean tham gia c\u00e1c chuy\u1ebfn tr\u1ea3i nghi\u1ec7m th\u1ef1c t\u1ebf t\u1ea1i VNG, Bosch, HRS Group\u2026<\/p>\n\n\n\n<p>Theo kh\u1ea3o s\u00e1t th\u00e1ng 06\/2025 t\u1eeb Trung t\u00e2m Tr\u1ea3i sinh vi\u00ean v\u00e0 Quan h\u1ec7 doanh nghi\u1ec7p HSU, 94% sinh vi\u00ean ng\u00e0nh C\u00f4ng ngh\u1ec7 th\u00f4ng tin c\u00f3 vi\u1ec7c l\u00e0m tr\u01b0\u1edbc khi t\u1ed1t nghi\u1ec7p. V\u1edbi ng\u00e0nh K\u1ef9 thu\u1eadt ph\u1ea7n m\u1ec1m \u0111\u1ea1t 90%, trong \u0111\u00f3, 55% sinh vi\u00ean l\u00e0m vi\u1ec7c t\u1ea1i doanh nghi\u1ec7p qu\u1ed1c t\u1ebf v\u00e0 c\u00f3 y\u1ebfu t\u1ed1 n\u01b0\u1edbc ngo\u00e0i. \u0110\u1ed3ng th\u1eddi, Khoa s\u1edf h\u1eefu m\u1ea1ng l\u01b0\u1edbi s\u00e2u r\u1ed9ng v\u1edbi nhi\u1ec1u doanh nghi\u1ec7p c\u00f4ng ngh\u1ec7 uy t\u00edn trong v\u00e0 ngo\u00e0i n\u01b0\u1edbc: Google, Samsung, Amazon Web Services, VNG Corporation, Bosch, DXC Technology\u2026<\/p>\n\n\n\n<p>V\u1edbi n\u1ec1n t\u1ea3ng \u0111\u00e0o t\u1ea1o hi\u1ec7n \u0111\u1ea1i, \u0111\u1ed9i ng\u0169 gi\u1ea3ng vi\u00ean ch\u1ea5t l\u01b0\u1ee3ng, m\u00f4i tr\u01b0\u1eddng h\u1ecdc t\u1eadp qu\u1ed1c t\u1ebf v\u00e0 chi\u1ebfn l\u01b0\u1ee3c k\u1ebft n\u1ed1i th\u1ecb tr\u01b0\u1eddng hi\u1ec7u qu\u1ea3, Khoa C\u00f4ng ngh\u1ec7 HSU l\u00e0 l\u1ef1a ch\u1ecdn l\u00fd t\u01b0\u1edfng cho nh\u1eefng b\u1ea1n tr\u1ebb mu\u1ed1n chinh ph\u1ee5c ng\u00e0nh c\u00f4ng ngh\u1ec7 kh\u00f4ng ch\u1ec9 b\u1eb1ng ki\u1ebfn th\u1ee9c, m\u00e0 c\u00f2n b\u1eb1ng kh\u1ea3 n\u0103ng s\u00e1ng t\u1ea1o, t\u01b0 duy to\u00e0n c\u1ea7u v\u00e0 kh\u00e1t v\u1ecdng ph\u00e1t tri\u1ec3n kh\u00f4ng gi\u1edbi h\u1ea1n.<\/p>\n\n\n\n<div style=\"padding: 16px;font-family: Arial, sans-serif;background: #fff;border: 1px solid #ddd;border-radius: 8px;max-width: 100%\">\n\n  <p style=\"font-weight: bold;font-size: 16px;margin-top: 0;margin-bottom: 12px\">\n    TR\u1ede TH\u00c0NH T\u00c2N SINH VI\u00caN KHOA C\u00d4NG NGH\u1ec6\n  <\/p>\n\n  <p style=\"margin: 4px 0\">\n    \ud83d\udd17 Fanpage: \n    <a href=\"https:\/\/facebook.com\/HoaSenUni\" target=\"_blank\" style=\"color: #007bff;text-decoration: none\" rel=\"noopener\">\n      facebook.com\/HoaSenUni\n    <\/a>\n  <\/p>\n\n  <p style=\"margin: 4px 0\">\n    \ud83d\udd0e Tuy\u1ec3n sinh: \n    <a href=\"https:\/\/tuyensinh.hoasen.edu.vn\" target=\"_blank\" style=\"color: #007bff;text-decoration: none\" rel=\"noopener\">\n      tuyensinh.hoasen.edu.vn\n    <\/a>\n  <\/p>\n\n <p style=\"margin-top: 16px\">\n    <a href=\"tel:02873007272\" style=\"background-color: #e60023;color: white;padding: 12px 16px;font-size: 18px;font-weight: bold;text-decoration: none;border-radius: 6px\">\n       G\u1eccI HOTLINE: 028 7300 7272\n    <\/a>\n  <\/p>\n<\/div>\n","protected":false},"excerpt":{"rendered":"<p>Ch\u00e0o m\u1eebng b\u1ea1n \u0111\u1ebfn v\u1edbi Khoa C\u00f4ng ngh\u1ec7 Trong b\u1ed1i c\u1ea3nh th\u1ebf gi\u1edbi chuy\u1ec3n m\u00ecnh m\u1ea1nh m\u1ebd d\u01b0\u1edbi t\u00e1c \u0111\u1ed9ng c\u1ee7a c\u00f4ng ngh\u1ec7 s\u1ed1, c\u00f4ng ngh\u1ec7 th\u00f4ng tin \u0111\u00e3 tr\u1edf th\u00e0nh h\u1ea1 t\u1ea7ng c\u1ed1t l\u00f5i th\u00fac \u0111\u1ea9y ph\u00e1t tri\u1ec3n m\u1ecdi l\u0129nh v\u1ef1c, t\u1eeb kinh t\u1ebf, s\u1ea3n xu\u1ea5t, y t\u1ebf, gi\u00e1o d\u1ee5c \u0111\u1ebfn truy\u1ec1n th\u00f4ng, gi\u1ea3i tr\u00ed v\u00e0 \u0111\u1eddi s\u1ed1ng th\u01b0\u1eddng nh\u1eadt. V\u1edbi h\u01a1n 30 n\u0103m kinh nghi\u1ec7m \u0111\u00e0o t\u1ea1o, Khoa C\u00f4ng ngh\u1ec7 th\u00f4ng tin \u2013 Tr\u01b0\u1eddng \u0110\u1ea1i h\u1ecdc Hoa Sen kh\u1eb3ng \u0111\u1ecbnh l\u00e0 \u0111\u01a1n v\u1ecb \u0111\u00e0o t\u1ea1o h\u00e0ng \u0111\u1ea7u v\u1ec1 C\u00f4ng ngh\u1ec7, \u0111\u00e0o t\u1ea1o th\u1ebf h\u1ec7 k\u1ef9 s\u01b0 c\u00f3 n\u0103ng&#8230;<\/p>\n","protected":false},"author":5427,"featured_media":0,"parent":0,"menu_order":0,"comment_status":"closed","ping_status":"closed","template":"page-templates\/about-faculty-introduction.php","meta":{"footnotes":""},"class_list":["post-5845","page","type-page","status-publish","hentry"],"acf":[],"_links":{"self":[{"href":"https:\/\/www.hoasen.edu.vn\/cntt\/wp-json\/wp\/v2\/pages\/5845","targetHints":{"allow":["GET"]}}],"collection":[{"href":"https:\/\/www.hoasen.edu.vn\/cntt\/wp-json\/wp\/v2\/pages"}],"about":[{"href":"https:\/\/www.hoasen.edu.vn\/cntt\/wp-json\/wp\/v2\/types\/page"}],"author":[{"embeddable":true,"href":"https:\/\/www.hoasen.edu.vn\/cntt\/wp-json\/wp\/v2\/users\/5427"}],"replies":[{"embeddable":true,"href":"https:\/\/www.hoasen.edu.vn\/cntt\/wp-json\/wp\/v2\/comments?post=5845"}],"version-history":[{"count":4,"href":"https:\/\/www.hoasen.edu.vn\/cntt\/wp-json\/wp\/v2\/pages\/5845\/revisions"}],"predecessor-version":[{"id":6583,"href":"https:\/\/www.hoasen.edu.vn\/cntt\/wp-json\/wp\/v2\/pages\/5845\/revisions\/6583"}],"wp:attachment":[{"href":"https:\/\/www.hoasen.edu.vn\/cntt\/wp-json\/wp\/v2\/media?parent=5845"}],"curies":[{"name":"wp","href":"https:\/\/api.w.org\/{rel}","templated":true}]}}